{"id":117,"date":"2019-09-27T17:12:07","date_gmt":"2019-09-27T17:12:07","guid":{"rendered":"https:\/\/deafmoroccotours.com\/wp\/?page_id=117"},"modified":"2022-08-29T15:05:23","modified_gmt":"2022-08-29T15:05:23","slug":"4-giorni-da-marrakech-a-fez-via-deserto-del-sahara","status":"publish","type":"page","link":"https:\/\/deafmoroccotours.com\/it\/4-giorni-da-marrakech-a-fez-via-deserto-del-sahara\/","title":{"rendered":"4 giorni da Marrakech a Fez via deserto del Sahara"},"content":{"rendered":"<h4>Giorno 01 Marrakesh &#8211; Ait Ben Haddou Kasbah-Ouarzazate &#8211; Oasi di Skoura &#8211; Valle delle Rose &#8211; Boumalene Dades.<\/h4>\n<p>Il primo giorno del tour inizier\u00e0 alle 8 del mattino da Marrakech verso le montagne dell&#8217;Alto Atlante passando per il sentiero di Tizi n&#8217;Tichka dove ci si ferma per apprezzare i paesaggi montani. Superate le curve di Tizi n&#8217;Tichka, vi dirigerete verso la Kasbah di Ait Ben Haddou, la pi\u00f9 grande Kasbah del Marocco e patrimonio dell&#8217;umanit\u00e0 dell&#8217;UNESCO dal 1987, dove sono stati girati diversi film. Farete una pausa per il pranzo ad Ait Ben Haddou e proseguirete verso la citt\u00e0 di Ouarzazate, soprannominata la &#8220;Hollywood del Marocco&#8221; e location cinematografica del Marocco. Qui esisteva il pi\u00f9 grande studio cinematografico del mondo, gli Atlas Studios. Visiterete i monumenti storici della Kasbah di Taourirt. Dopo Ouarzazate, si guider\u00e0 e si sperimenter\u00e0 il fascino dei paesaggi delle Kasbah attraverso i villaggi berberi di Skoura e la Valle delle Rose, rinomata per il festival delle rose che viene organizzato ogni anno a maggio. La notte si trascorrer\u00e0 a Bomaln Dades, la valle degli uccelli.<\/p>\n<h4>Giorno 02: Bomaln Dades &#8211; Gole del Todgha &#8211; Tinjdad &#8211; Merzouga. Giro in cammello e notte in un campo<\/h4>\n<p>Il secondo giorno del tour partir\u00e0 da Bomaln Dades verso Merzouga, dove si trovano le dune di sabbia pi\u00f9 grandi e pi\u00f9 alte del Marocco, l&#8217;Erg Chebbi. Poi passeremo Tinghir e ci dirigeremo verso le Gole del Todra, che sono le pi\u00f9 strette del Marocco. Quando lasceremo le Gole del Todra passeremo attraverso diversi villaggi berberi di Tinjdad, Mallab e Tourog. La prossima sosta sar\u00e0 a Jourf, dove si potr\u00e0 vedere un antico sistema di irrigazione utilizzato dalle antiche popolazioni nel XVI secolo. Si prosegue poi per Erfoud, la terra dei fossili, dove esistevano molte miniere di fossili. La pausa pranzo sar\u00e0 in uno dei tanti ristoranti lungo il percorso. Si prosegue verso Merzouga dove troverete i vostri cammelli ad attendervi, per godervi il tramonto e pernottare in un tradizionale accampamento berbero in mezzo alle dune di sabbia e ascoltare la musica dei tamburi berberi sotto la luna e le stelle.<\/p>\n<h4>Giorno 03 Merzouga &#8211; Casa della musica di Gnawa-Errisani-Arfoud- trekking e notte nella valle di Ziz.<\/h4>\n<p>Il terzo giorno sar\u00e0 un tour nell&#8217;area di Merzouga che inizier\u00e0 con la musica Gnawa nel piccolo villaggio di Khamlia (un villaggio di persone di colore che, provenienti da diversi Paesi africani, si stabilirono in quell&#8217;area come schiavi negli anni &#8217;50 e &#8217;60), per poi dirigersi verso Errisani, una delle principali stazioni delle carovane commerciali del passato, dove si visiter\u00e0 un antico mercato tradizionale. Poi Arfoud, la terra dei fossili, dove si vedr\u00e0 una delle tante miniere di fossili (il pranzo sar\u00e0 ad Arfoud o Errisani o forse un picnic), dopo Erfoud si proseguir\u00e0 per la valle di Ziz, una delle pi\u00f9 grandi palme del Nord Africa, dove si passer\u00e0 la notte dopo un&#8217;ora di trekking nella valle.<\/p>\n<h4>Giorno 04 Valle dello Ziz-Gole dello Ziz-Midalt-Timhdit-Bosco di Azrou-Ifran-Fez.<\/h4>\n<p>Dalla Valle di Ziz si inizia la giornata con una sosta nella vista panoramica della valle di Ziz, poi si attraversano le alte montagne dell&#8217;Atlante, si passano le gole di Ziz e si attraversa il passo Tizi n&#8217;Talghomt, fino a Midalt, la capitale delle mele, e a Timhdit, la terra delle cicogne. Poi si vedr\u00e0 la foresta di cedri di Azrou (famosa per i suoi cedri aromatici) e ci si fermer\u00e0 per qualche minuto per vedere le scimmie macaco di Barberia e scattare qualche foto. Dopo la foresta di Azrou passeremo per Ifran, conosciuta come la &#8220;Svizzera marocchina&#8221;. All&#8217;arrivo a Fez, il nostro equipaggio vi condurr\u00e0 al vostro riad\/hotel.<\/p>\n","protected":false},"excerpt":{"rendered":"<p>Giorno 01 Marrakesh &#8211; Ait Ben Haddou Kasbah-Ouarzazate &#8211; Oasi di Skoura &#8211; Valle delle Rose &#8211; Boumalene Dades. Il primo giorno del tour inizier\u00e0 alle<span class=\"excerpt-hellip\"> [\u2026]<\/span><\/p>\n","protected":false},"author":1,"featured_media":0,"parent":0,"menu_order":0,"comment_status":"closed","ping_status":"closed","template":"","meta":{"ngg_post_thumbnail":0},"_links":{"self":[{"href":"https:\/\/deafmoroccotours.com\/it\/wp-json\/wp\/v2\/pages\/117"}],"collection":[{"href":"https:\/\/deafmoroccotours.com\/it\/wp-json\/wp\/v2\/pages"}],"about":[{"href":"https:\/\/deafmoroccotours.com\/it\/wp-json\/wp\/v2\/types\/page"}],"author":[{"embeddable":true,"href":"https:\/\/deafmoroccotours.com\/it\/wp-json\/wp\/v2\/users\/1"}],"replies":[{"embeddable":true,"href":"https:\/\/deafmoroccotours.com\/it\/wp-json\/wp\/v2\/comments?post=117"}],"version-history":[{"count":5,"href":"https:\/\/deafmoroccotours.com\/it\/wp-json\/wp\/v2\/pages\/117\/revisions"}],"predecessor-version":[{"id":366,"href":"https:\/\/deafmoroccotours.com\/it\/wp-json\/wp\/v2\/pages\/117\/revisions\/366"}],"wp:attachment":[{"href":"https:\/\/deafmoroccotours.com\/it\/wp-json\/wp\/v2\/media?parent=117"}],"curies":[{"name":"wp","href":"https:\/\/api.w.org\/{rel}","templated":true}]}}