{"id":123,"date":"2019-09-27T17:14:11","date_gmt":"2019-09-27T17:14:11","guid":{"rendered":"https:\/\/deafmoroccotours.com\/wp\/?page_id=123"},"modified":"2022-08-29T15:03:07","modified_gmt":"2022-08-29T15:03:07","slug":"7-giorni-da-marrakech-alle-dune-di-erg-chabbi","status":"publish","type":"page","link":"https:\/\/deafmoroccotours.com\/it\/7-giorni-da-marrakech-alle-dune-di-erg-chabbi\/","title":{"rendered":"7 giorni Da Marrakech alle dune di Erg Chabbi"},"content":{"rendered":"<h4>Giorno 1: Arrivo a Marrakech<\/h4>\n<p>Arrivo a Marrakech. Giornata libera per prendere contatto con il luogo: una delle quattro citt\u00e0 imperiali del Marocco. Famosa per avere numerosi monumenti riconosciuti come patrimonio dell&#8217;umanit\u00e0, e la sua famosa piazza di Jemaa El Fna. \u00c8 possibile visitare i suoi diversi e caratteristici quartieri, la citt\u00e0 moderna: Gueliz Hivernage Palmeraie, Mellah (quartiere ebraico)&#8230; oppure percorrere le strade della Medina, la piazza Jmaa El Fna, teatro di numerose attivit\u00e0 all&#8217;aperto: giocolieri, musicisti, fachiri, incantatori di serpenti, saltimbanchi&#8230; per risvegliare tutti i vostri sensi con i suoi molteplici suoni, odori, sapori e colori che la caratterizzano. Sistemazione a Riyadh.<\/p>\n<h4>Giorno 2 : Marrakeh Gole del Dades<\/h4>\n<p>Dopo la prima colazione ci occuperemo delle Gole del Dades di Marrakech. Durante il tragitto si attraversano le montagne dell&#8217;Alto Atlante, attraversando il Tizi n&#8217;Tichka, infilando il percorso tra i numerosi popoli di berberi nomadi che vivono nella zona. Scenari spettacolari che ci porteranno fino alla Kasbah di Ait Benhaddou, famosa per essere stata teatro di pi\u00f9 di due dozzine di film, tra cui &#8220;Babel&#8221;. Proseguimento per Ouarzazate attraverso il viaggio della Valle delle Rose, arrivando alle Gole del Dades, dove inizia la &#8220;strada delle mille kasbah&#8221;. Sistemazione nella Valle del Dades e cena in hotel.<\/p>\n<h4>Giorno 3: Gole del Dades Gole del Todra Merzouga<\/h4>\n<p>Prima colazione in hotel e partenza per le Gole del Todra, un luogo dove \u00e8 possibile passeggiare tra le pareti del grande canyon alto pi\u00f9 di 200 metri, per poi uscire nel deserto attraverso la palma di Tafilalet. Arrivo in hotel a piedi delle dune, dove potrete passeggiare sulla sabbia fine dell&#8217;Erg Chebbi, rilassarvi e godere della bellezza dei suoi paesaggi. In serata, assaporate un delizioso piatto marocchino e pernottate nella camera d&#8217;albergo.<\/p>\n<h4>Giorno 4: Tour Merzouga Erg Chebbi Merzouga intorno:<\/h4>\n<p>Dopo un&#8217;abbondante colazione marocchina, si sale in 4\u00d74 per iniziare il tour tra le dune dell&#8217;Erg Chebbi, popolosa regione del deserto di sabbia: Tra le numerose soste che ci attendono, scopriremo come e dove vivono le famiglie di viaggiatori della zona, le oasi selvagge in mezzo al nulla e i paesaggi spettacolari del deserto e dei piccoli villaggi, le palme&#8230; Inevitabile una sosta mentre si attraversa il villaggio di Khamelia, popolo originario del Mali, che ci far\u00e0 godere di un buon concerto di musica Gnawa, mentre il gusto delizioso del t\u00e8. Tornati in albergo, ci aspetta il cammello per pi\u00f9 di un&#8217;ora e mezza, il percorso di fili tra le dune e nel cuore del deserto per vedere il bellissimo tramonto. Avvolti dalla grande duna di sabbia, e godendo della musica dei tamburi, della cena e del t\u00e8 marocchino, si pu\u00f2 vedere l&#8217;immenso cielo di stelle e dormire nelle tende nomadi.<\/p>\n<h4>5\u00b0 giorno: Merzouga Rissani percorso a zig-zag fino alla Valle d&#8217;Uscita del Medio Atlante Fez<\/h4>\n<p>Ci alziamo presto al mattino, per vedere un altro grande spettacolo tra le dune del Sahara marocchino: l&#8217;alba spettacolare. ancora una volta del suo cammello per un altro percorso di ritorno all&#8217;hotel. Colazione e doccia, e proseguimento per Rissani. Abbiamo camminato fino a dove \u00e8 conosciuto come il pi\u00f9 autentico e tradizionale souk del Marocco, e il pi\u00f9 grande nel sud del paese, dove si commercia con tutti i tipi di artigianato, cibo, e gli animali. continuiamo a Erfoud, l&#8217;antica porta del deserto, \u00e8 famosa per il lavoro offossils, attraversando il percorso a zig-zag a Exit valle mozzafiato, con pi\u00f9 di 18.000 palme, per arrivare a Midelt \u00e8 stato messo in discussione per.sosta per il pranzo e continuare il nostro modo attraverso Ifrane Fez (noto anche come la Svizzera estetica marocchina dei loro edifici) arrivare a Fez, e il trasferimento in hotel.<\/p>\n<h4>Giorno 6: Fez Fez<\/h4>\n<p>Giornata libera per esplorare la citt\u00e0 di Fez Un&#8217;altra delle quattro citt\u00e0 imperiali. In Marocco \u00e8 considerata il centro religioso e culturale del Paese. La sua universit\u00e0, famosa per lo studio della lingua araba e dell&#8217;Islam, \u00e8 un punto di passaggio di molti studenti marocchini. Avrete tempo per passeggiare e conoscere i suoi diversi quartieri, la zona nuova o Fez el-Jdid, dove si trova il Mellah (quartiere ebraico), la Ville Nouvelle (Nuovo Villaggio) zona francese nel nord-ovest della citt\u00e0 e, naturalmente, la Fez di Bali, la vecchia, entro i limiti delle mura. Si pu\u00f2 passeggiare per le strade e sentirsi trasportati in mondi del passato, quando i vasai, i fabbri, gli artigiani e gli asini carichi di merci provenienti da culture diverse vivono fianco a fianco con i turisti che attraversano i suoi vicoli labirintici.<\/p>\n<p>Famoso anche per il souk dei conciatori, potrete partecipare al processo artigianale di origine medievale in cui vengono realizzati i colori brillanti del cuoio.<\/p>\n<h4>Giorno 7: Aeroporto di Fez<\/h4>\n<p>Trasferimento all&#8217;aeroporto per il volo di partenza (deve essere l&#8217;ultimo giorno del viaggio).<\/p>\n","protected":false},"excerpt":{"rendered":"<p>Giorno 1: Arrivo a Marrakech Arrivo a Marrakech. Giornata libera per prendere contatto con il luogo: una delle quattro citt\u00e0 imperiali del Marocco. Famosa per avere<span class=\"excerpt-hellip\"> [\u2026]<\/span><\/p>\n","protected":false},"author":1,"featured_media":0,"parent":0,"menu_order":0,"comment_status":"closed","ping_status":"closed","template":"","meta":{"ngg_post_thumbnail":0},"_links":{"self":[{"href":"https:\/\/deafmoroccotours.com\/it\/wp-json\/wp\/v2\/pages\/123"}],"collection":[{"href":"https:\/\/deafmoroccotours.com\/it\/wp-json\/wp\/v2\/pages"}],"about":[{"href":"https:\/\/deafmoroccotours.com\/it\/wp-json\/wp\/v2\/types\/page"}],"author":[{"embeddable":true,"href":"https:\/\/deafmoroccotours.com\/it\/wp-json\/wp\/v2\/users\/1"}],"replies":[{"embeddable":true,"href":"https:\/\/deafmoroccotours.com\/it\/wp-json\/wp\/v2\/comments?post=123"}],"version-history":[{"count":4,"href":"https:\/\/deafmoroccotours.com\/it\/wp-json\/wp\/v2\/pages\/123\/revisions"}],"predecessor-version":[{"id":359,"href":"https:\/\/deafmoroccotours.com\/it\/wp-json\/wp\/v2\/pages\/123\/revisions\/359"}],"wp:attachment":[{"href":"https:\/\/deafmoroccotours.com\/it\/wp-json\/wp\/v2\/media?parent=123"}],"curies":[{"name":"wp","href":"https:\/\/api.w.org\/{rel}","templated":true}]}}