{"id":126,"date":"2019-09-27T17:14:44","date_gmt":"2019-09-27T17:14:44","guid":{"rendered":"https:\/\/deafmoroccotours.com\/wp\/?page_id=126"},"modified":"2022-08-29T15:09:43","modified_gmt":"2022-08-29T15:09:43","slug":"8-giorni-da-marrakech-tour-del-deserto-del-sahara","status":"publish","type":"page","link":"https:\/\/deafmoroccotours.com\/it\/8-giorni-da-marrakech-tour-del-deserto-del-sahara\/","title":{"rendered":"8 giorni da Marrakech Tour del deserto del Sahara"},"content":{"rendered":"<h4>Giorno 1: Marrakech &#8211; Taliouine<\/h4>\n<p>Partiremo presto da Marrakech per raggiungere Taliouine. Lungo il percorso visiteremo il villaggio berbero di Asni, la valle di Ouirgane, le montagne dell&#8217;Alto Atlante e il Tizi-n-Test (2200 metri). Una volta arrivati a Taliouine, potrete visitare il villaggio e godervi la serata. Pernottamento in hotel.<\/p>\n<h4>Giorno 2: Taliouine &#8211; Cheguagua<\/h4>\n<p>Oggi si parte in mattinata per Foum Zguid, dove si pranza, facendo una sosta lungo il percorso a Taznakhte. Nel pomeriggio raggiungiamo Cheguagua, dove \u00e8 possibile visitare i nomadi che vivono nelle tende, per poi attraversare il lago secco di iriqui e l&#8217;altopiano desertico pieno di acacie. Arrivo nel tardo pomeriggio alle dune di Cheguagua per ammirare il tramonto. In questa localit\u00e0 ceneremo e pernotteremo in tenda.<\/p>\n<h4>Giorno 3: Cheguagua &#8211; Zagora<\/h4>\n<p>Per prima cosa ci si sveglia presto per ammirare la splendida alba sulle dune. Dopo la colazione, raggiungeremo M&#8217;hamid attraversando l&#8217;oasi sacra di Um L\u00e2alag. Pranziamo a M&#8217;hamid e poi ci dirigiamo verso Tagounite, Tamegroute, dove avremo l&#8217;opportunit\u00e0 di visitare un&#8217;antica biblioteca coranica, i produttori locali di ceramica e una Kasbah sotterranea a Zaouia. Da qui si prosegue per Zagora per la cena e il pernottamento in hotel.<\/p>\n<h4>Giorno 4: Zagora &#8211; Merzouga<\/h4>\n<p>Dopo la prima colazione, attraverseremo la Valle del Draa fino a Tansikht e N&#8217;kob, passando per splendidi paesaggi sahariani e villaggi berberi. Pranzo ad Alnif, poi partenza per le impressionanti dune di Merzouga. Lungo il percorso visiteremo Rissani, culla della dinastia Alaoui. Arrivo nel tardo pomeriggio a Merzouga, dove potrete rilassarvi prima della cena e poi pernottare nella locanda.<\/p>\n<h4>5\u00b0 giorno: Merzouga &#8211; Erg Chebbi<\/h4>\n<p>Dopo la prima colazione, vi accompagneremo in un grande tour attraverso le dune sahariane dell&#8217;Erg Chebbi con un veicolo 4WD. Vedrete le due oasi di Merzouga, il villaggio di KHAMLIA (villaggio dei neri), l&#8217;altopiano desertico, l&#8217;oasi di TISSARDMINE e molto altro ancora! Tornerete alla locanda a met\u00e0 pomeriggio per iniziare la vostra carovana di cammelli per vivere la magia del tramonto sulle dune. Dopo due ore di viaggio a dorso di cammello, arriverete alla vostra oasi selvaggia dove pernotterete. Cena e pernottamento in tenda.<\/p>\n<h4>6\u00b0 giorno: Erg Chebbi &#8211; Tinghir<\/h4>\n<p>Sveglia presto per ammirare l&#8217;alba sulle dune. Dopo il sorgere del sole si viagger\u00e0 a dorso di cammello fino all&#8217;inizio delle dune. Dopo la colazione, lasceremo Merzouga e ci dirigeremo verso il vasto palmeto di Tafilalet, per poi proseguire verso la valle dello Ziz. Per pranzo potrete gustare la cucina locale nel cuore della valle. Nel pomeriggio si raggiunge Tinghir passando per Goulmima e il palmeto di Tinjdad. Cena e pernottamento in hotel.<\/p>\n<h4>7\u00b0 giorno: Tinghir &#8211; Ouarzazate<\/h4>\n<p>Al mattino ci si dirige verso le montagne per esplorare le Gole del Todra e le Gole del Dades. Dopo il pranzo nella gola, si percorre un sentiero attraverso la splendida Valle delle Rose che conduce alla Capitale delle Rose Kalaa M&#8217;gouna. Da qui vedremo il palmeto di Skoura e la Kasbah di Amredhyle, per poi proseguire verso Ouarzazate. Cena e pernottamento in hotel.<\/p>\n<h4>8\u00b0 giorno: Ouarzazate &#8211; Marrakech<\/h4>\n<p>Dopo la prima colazione, si visiteranno i siti di Ouarzazate, tra cui la Kasbah di Taourirt e la famosa Kasbah di Ait Ben Haddou, patrimonio mondiale dell&#8217;UNESCO. Da qui ci inoltreremo nel passo di montagna verso Marrakech, fermandoci a visitare la Kasbah di Telouet, l&#8217;antica residenza del Pasci\u00e0 Glaoui, una delle famiglie pi\u00f9 influenti della regione. Il pranzo sar\u00e0 consumato in un caff\u00e8 locale lungo il percorso. Raggiungeremo Marrakech attraverso il Col du Tizi&#8217;N&#8217;Tichka (punto pi\u00f9 alto: 2260 m di altitudine). Vi lasceremo nel luogo che desiderate a Marrakech. Grazie per aver partecipato al nostro tour!<\/p>\n","protected":false},"excerpt":{"rendered":"<p>Giorno 1: Marrakech &#8211; Taliouine Partiremo presto da Marrakech per raggiungere Taliouine. Lungo il percorso visiteremo il villaggio berbero di Asni, la valle di Ouirgane, le<span class=\"excerpt-hellip\"> [\u2026]<\/span><\/p>\n","protected":false},"author":1,"featured_media":0,"parent":0,"menu_order":0,"comment_status":"closed","ping_status":"closed","template":"","meta":{"ngg_post_thumbnail":0},"_links":{"self":[{"href":"https:\/\/deafmoroccotours.com\/it\/wp-json\/wp\/v2\/pages\/126"}],"collection":[{"href":"https:\/\/deafmoroccotours.com\/it\/wp-json\/wp\/v2\/pages"}],"about":[{"href":"https:\/\/deafmoroccotours.com\/it\/wp-json\/wp\/v2\/types\/page"}],"author":[{"embeddable":true,"href":"https:\/\/deafmoroccotours.com\/it\/wp-json\/wp\/v2\/users\/1"}],"replies":[{"embeddable":true,"href":"https:\/\/deafmoroccotours.com\/it\/wp-json\/wp\/v2\/comments?post=126"}],"version-history":[{"count":5,"href":"https:\/\/deafmoroccotours.com\/it\/wp-json\/wp\/v2\/pages\/126\/revisions"}],"predecessor-version":[{"id":374,"href":"https:\/\/deafmoroccotours.com\/it\/wp-json\/wp\/v2\/pages\/126\/revisions\/374"}],"wp:attachment":[{"href":"https:\/\/deafmoroccotours.com\/it\/wp-json\/wp\/v2\/media?parent=126"}],"curies":[{"name":"wp","href":"https:\/\/api.w.org\/{rel}","templated":true}]}}