{"id":130,"date":"2019-09-27T17:16:51","date_gmt":"2019-09-27T17:16:51","guid":{"rendered":"https:\/\/deafmoroccotours.com\/wp\/?page_id=130"},"modified":"2022-08-29T15:08:11","modified_gmt":"2022-08-29T15:08:11","slug":"tour-di-4-giorni-da-fes-a-marrakech","status":"publish","type":"page","link":"https:\/\/deafmoroccotours.com\/it\/tour-di-4-giorni-da-fes-a-marrakech\/","title":{"rendered":"Tour di 4 giorni da Fes a Marrakech"},"content":{"rendered":"<h4>Giorno 1 : Fez &#8211; Midelt &#8211; Valle dello Ziz &#8211; Merzouga :<\/h4>\n<p>Partenza per Merzouga passando per Ifran, conosciuta anche come la Svizzera del Marocco, la foresta di Azrou dove ci fermeremo per ammirare le scimmie che si arrampicano sui cedri e poi proseguiremo attraverso le montagne del Medio Atlante e poi si proseguir\u00e0 attraverso la valle dello Ziz e le sue gole e Errachidia, si proseguir\u00e0 fino alla citt\u00e0 di Erfoud, famosa per essere la capitale dei fossili. Lledaga Merzouga, la giornata sar\u00e0 dedicata ad apprezzare la pace del deserto. Sistemazione in Albergue vicino alle dune.<\/p>\n<h4>Giorno 2 : Merzouga &#8211; Erg Chebbi &#8211; Merzouga:<\/h4>\n<p>Questa sar\u00e0 una tappa in cui, dopo la colazione, attraverseremo un&#8217;altra delle piste utilizzate nel &#8220;Rally Parigi-Dakar&#8221;, visitando i nomadi del deserto con cui prenderemo il t\u00e8 e vedremo l&#8217;oasi in cui sono stati girati alcuni film come &#8220;Sahara&#8221;, con Penelope Cruz. Visiteremo il villaggio dei &#8220;los negros&#8221;, cos\u00ec chiamati per la tratta degli schiavi che hanno portato dal Sudan. E dopo aver mangiato cambieremo la trazione del 4\u00d74 con quella animale. I dromedari ci porteranno nel deserto di dune per contemplare un tramonto indimenticabile. Questa notte sar\u00e0 speciale, dormiremo tra le dune in tende nomadi (Jaimas), come fanno i berberi. Qui gusteremo una cena berbera, musica e un cielo stellato come non l&#8217;avete mai visto prima. Cena e pernottamento nell&#8217;indimenticabile Jaima.<\/p>\n<h4>3\u00b0 giorno: Merzouga &#8211; Gole del Todra &#8211; Valle delle Rose &#8211; Ouarzazate:<\/h4>\n<p>Vi sveglierete presto per vedere la splendida alba e per scalare le dune, poi tornerete in groppa ai cammelli all&#8217;ostello dove farete colazione e proseguirete per Las Ouarzazate passando per Rissani, dove vi fermerete un po&#8217; per visitare il suo tradizionale Souk, considerato il pi\u00f9 grande di tutto il Marocco meridionale, per poi proseguire verso le Gole del Todra, la Valle del Dades, la Valle delle Rose e le oasi di Skoura. Arrivo a Ouarzazate e sistemazione in hotel.<\/p>\n<h4>Giorno 4 : Ouarzazate &#8211; Ait Ben Haddou &#8211; Marrakech:<\/h4>\n<p>Il viaggio \u00e8 un susseguirsi di punti forti. Oggi \u00e8 un altro di questi. I 200 km che separano Ouarzazate da Marrakech attraversano l&#8217;Alto Atlante. La strada deve essere percorsa lentamente, per la sua bellezza e perch\u00e9 \u00e8 un passo di montagna che attraversa l&#8217;Atlante a quasi 2.300 metri. Per concludere la spettacolare giornata, seguiremo l&#8217;antica via carovaniera che collegava le due citt\u00e0 attraverso la Valle dell&#8217;Ounila, dove si trovano kasbah costruite in grotte e che ci porter\u00e0 anche a Telouet. Infine, arrivo a Marrakech. Trasferimento al vostro alloggio, fine dei nostri servizi.<\/p>\n","protected":false},"excerpt":{"rendered":"<p>Giorno 1 : Fez &#8211; Midelt &#8211; Valle dello Ziz &#8211; Merzouga : Partenza per Merzouga passando per Ifran, conosciuta anche come la Svizzera del Marocco,<span class=\"excerpt-hellip\"> [\u2026]<\/span><\/p>\n","protected":false},"author":1,"featured_media":0,"parent":0,"menu_order":0,"comment_status":"closed","ping_status":"closed","template":"","meta":{"ngg_post_thumbnail":0},"_links":{"self":[{"href":"https:\/\/deafmoroccotours.com\/it\/wp-json\/wp\/v2\/pages\/130"}],"collection":[{"href":"https:\/\/deafmoroccotours.com\/it\/wp-json\/wp\/v2\/pages"}],"about":[{"href":"https:\/\/deafmoroccotours.com\/it\/wp-json\/wp\/v2\/types\/page"}],"author":[{"embeddable":true,"href":"https:\/\/deafmoroccotours.com\/it\/wp-json\/wp\/v2\/users\/1"}],"replies":[{"embeddable":true,"href":"https:\/\/deafmoroccotours.com\/it\/wp-json\/wp\/v2\/comments?post=130"}],"version-history":[{"count":4,"href":"https:\/\/deafmoroccotours.com\/it\/wp-json\/wp\/v2\/pages\/130\/revisions"}],"predecessor-version":[{"id":371,"href":"https:\/\/deafmoroccotours.com\/it\/wp-json\/wp\/v2\/pages\/130\/revisions\/371"}],"wp:attachment":[{"href":"https:\/\/deafmoroccotours.com\/it\/wp-json\/wp\/v2\/media?parent=130"}],"curies":[{"name":"wp","href":"https:\/\/api.w.org\/{rel}","templated":true}]}}