{"id":132,"date":"2019-09-27T17:17:59","date_gmt":"2019-09-27T17:17:59","guid":{"rendered":"https:\/\/deafmoroccotours.com\/wp\/?page_id=132"},"modified":"2022-08-29T15:05:08","modified_gmt":"2022-08-29T15:05:08","slug":"5-giorni-di-tour-nel-deserto-da-fes","status":"publish","type":"page","link":"https:\/\/deafmoroccotours.com\/it\/5-giorni-di-tour-nel-deserto-da-fes\/","title":{"rendered":"5 giorni di tour nel deserto da Fes"},"content":{"rendered":"<h4>Giorno 1: Fes &#8211; Ifrane &#8211; Foresta dei cedri &#8211; Midelt &#8211; Valle dello Ziz &#8211; Merzouga<\/h4>\n<p>Partenza di buon&#8217;ora da Fes, attraversando il cuore delle montagne del Medio Atlante fino a Ifrane, conosciuta come la &#8220;Svizzera del Marocco&#8221; per la sua somiglianza con una stazione sciistica svizzera. Poi, ci dirigiamo verso la foresta di cedri &#8211; la pi\u00f9 grande del Nord Africa &#8211; e la casa dei monaci barbari, il tempo di dar loro da mangiare e scattare foto con loro. Proseguiamo verso sud attraversando villaggi berberi, campagne e vedendo pastori nomadi con le loro greggi sparse sul terreno. A met\u00e0 strada, sosta per il pranzo a Midelt. Il nostro primo giorno del tour di 5 giorni nel deserto di Fez Marrakech ci porter\u00e0 attraverso il passo di Talghmt, poi alle gole di Ziz, prima di arrivare al deserto del Sahara, ci fermeremo per una vista panoramica sull&#8217;impressionante oasi nascosta della valle di Ziz, piena di palme e villaggi di fango. Dopo circa un&#8217;ora di cammino, raggiungeremo il deserto del Sahara nel tardo pomeriggio, cena e pernottamento in hotel.<\/p>\n<h4>Giorno 2: Merzouga &#8211; Visita del deserto dell&#8217;Erg Chebbi &#8211; Trekking con i cammelli &#8211; Accampamento<\/h4>\n<p>Dopo la prima colazione, inizieremo la nostra escursione nel deserto per una mezza giornata nel Sahara. Visiteremo i nomadi che vivono ancora nelle tende in mezzo al deserto del Sahara; vedremo come vivono e sorseggeremo una tazza di t\u00e8 con loro. Poi, si prosegue per visitare le vecchie miniere che un tempo erano sfruttate dai francesi. Pi\u00f9 tardi, visiteremo il villaggio di Khamlia, dove vivono i berberi neri che discendono dal Sudan, dal Mali&#8230; Avremo la possibilit\u00e0 di ascoltare la loro musica Gnaoua e di pranzare in citt\u00e0. Prima del giro in cammello, vedremo un&#8217;oasi ai margini del deserto del Sahara. Dopo un po&#8217; di riposo, inizier\u00e0 il trekking a dorso di cammello sulle alte dune del deserto dell&#8217;erg-Chebbi. Vedrete il magnifico tramonto in cima a un&#8217;alta duna e raggiungerete l&#8217;accampamento nel cuore del Sahara. Dopo una deliziosa cena, sar\u00e0 il momento di ascoltare la musica berbera suonata dai nomadi locali sotto il cielo stellato.<\/p>\n<h4>Giorno 3: Merzouga &#8211; Rissani &#8211; Valle del Todra e gole &#8211; Valle del Dades<\/h4>\n<p>Il risveglio al mattino presto \u00e8 un &#8220;must&#8221; per vedere l&#8217;alba della vostra vita. Poi cavalcate i cammelli fino all&#8217;hotel dove incontrerete di nuovo il vostro autista. Si parte verso ovest attraversando la citt\u00e0 di Rissani: un tempo tappa fondamentale per le carovane commerciali che attraversavano e partivano dal Marocco verso i Paesi vicini. Se coincide con il giorno dei mercati, che si svolgono ogni marted\u00ec, gioved\u00ec e domenica&#8230; visiteremo il souk, il pi\u00f9 grande della regione. Si prosegue poi verso Arfoud &#8211; citt\u00e0 dei fossili, si attraversano le montagne dell&#8217;Atlante e le citt\u00e0 verso la valle del Todra, una fertile valle verde circondata da antichi villaggi di fango. Pranzo in citt\u00e0, poi, percorrendo circa 15 km, si arriva alle gole del Todra; un corridoio che si innalza drammaticamente fino a 300 m con scogliere verticali e acqua che sgorga da sorgenti naturali, il tempo di goderselo. Pi\u00f9 tardi, attraverseremo la Valle del Dades, dove potrete ammirare gli spettacolari castelli di sabbia e le sorprendenti formazioni rocciose note localmente come &#8220;dita di scimmia&#8221;. Pernottamento in un hotel\/riad con vista sulla valle del Dades.<\/p>\n<h4>Giorno 4: Valle del Dades &#8211; Skoura &#8211; Ouarzazate<\/h4>\n<p>Questa mattina, dopo la colazione, partiamo per Ouarzazate passando per Boutghrar, la Valle delle Rose e Skoura. Iniziamo il nostro viaggio visitando la strada serpeggiante, sfondo di tante pubblicit\u00e0 di auto, e le gole del Dades con le sue impressionanti formazioni rocciose. Viaggiamo in fuoristrada fino a Boutghrar, un luogo dove la natura e i colori si incontrano; il sentiero ci condurr\u00e0 dai nomadi che vivono nelle grotte, che visiteremo, sorseggiando una tazza di t\u00e8 con loro. Proseguiamo per El Kalaa Mgouna (Citt\u00e0 delle Rose), dove la gente del posto raccoglie oltre 400 tonnellate di petali di rosa che vengono trasformati in acqua di rose, creme e profumi nelle cooperative locali. Qui si tiene un festival ogni maggio. Tempo a disposizione per il pranzo in citt\u00e0. In seguito, percorriamo la strada delle mille kasbah fino a Skoura, che ospita le pi\u00f9 belle kasbah del Marocco, visitiamo la Kasbah di Amridil, risalente al XVII secolo, e guidiamo nelle oasi di Skoura verso Ouarzazate. Cena e pernottamento in hotel\/Riad.<\/p>\n<h4>5\u00b0 giorno: Ouarzazate &#8211; Kasbah di Ait Benhaddou &#8211; Marrakech<\/h4>\n<p>Oggi iniziamo il nostro viaggio visitando i pi\u00f9 grandi studi cinematografici della &#8220;Hollywood d&#8217;Africa&#8221;, Ouarzazate, dove sono stati girati molti film come Games of Thrones, Prison Break stagione 4&#8230; Ouarzazate ospita anche la pi\u00f9 grande centrale solare dell&#8217;Africa ed \u00e8 famosa anche per il suo artigianato (cancelli di legno, argento, tappeti&#8230;). Pi\u00f9 tardi, ci dirigeremo a visitare la famosa Kasbah di Ait Ben Haddou &#8211; patrimonio mondiale dell&#8217;Unesco &#8211; dove sono stati girati molti film internazionali (Il Gladiatore, Lawrence d&#8217;Arabia, Games of Thrones&#8230;). La vostra avventura continuer\u00e0 attraverso il passo mozzafiato del Tizi n&#8217;Tichka (2260 m) sulle montagne dell&#8217;Alto Atlante, dove ammirerete i particolari villaggi berberi prima di arrivare al vostro hotel a Marrakech, a conclusione del nostro tour nel deserto di 5 giorni Fez Marrakech.<\/p>\n","protected":false},"excerpt":{"rendered":"<p>Giorno 1: Fes &#8211; Ifrane &#8211; Foresta dei cedri &#8211; Midelt &#8211; Valle dello Ziz &#8211; Merzouga Partenza di buon&#8217;ora da Fes, attraversando il cuore delle<span class=\"excerpt-hellip\"> [\u2026]<\/span><\/p>\n","protected":false},"author":1,"featured_media":0,"parent":0,"menu_order":0,"comment_status":"closed","ping_status":"closed","template":"","meta":{"ngg_post_thumbnail":0},"_links":{"self":[{"href":"https:\/\/deafmoroccotours.com\/it\/wp-json\/wp\/v2\/pages\/132"}],"collection":[{"href":"https:\/\/deafmoroccotours.com\/it\/wp-json\/wp\/v2\/pages"}],"about":[{"href":"https:\/\/deafmoroccotours.com\/it\/wp-json\/wp\/v2\/types\/page"}],"author":[{"embeddable":true,"href":"https:\/\/deafmoroccotours.com\/it\/wp-json\/wp\/v2\/users\/1"}],"replies":[{"embeddable":true,"href":"https:\/\/deafmoroccotours.com\/it\/wp-json\/wp\/v2\/comments?post=132"}],"version-history":[{"count":5,"href":"https:\/\/deafmoroccotours.com\/it\/wp-json\/wp\/v2\/pages\/132\/revisions"}],"predecessor-version":[{"id":364,"href":"https:\/\/deafmoroccotours.com\/it\/wp-json\/wp\/v2\/pages\/132\/revisions\/364"}],"wp:attachment":[{"href":"https:\/\/deafmoroccotours.com\/it\/wp-json\/wp\/v2\/media?parent=132"}],"curies":[{"name":"wp","href":"https:\/\/api.w.org\/{rel}","templated":true}]}}