{"id":136,"date":"2019-09-27T17:19:34","date_gmt":"2019-09-27T17:19:34","guid":{"rendered":"https:\/\/deafmoroccotours.com\/wp\/?page_id=136"},"modified":"2022-08-29T15:03:34","modified_gmt":"2022-08-29T15:03:34","slug":"7-giorni-da-fes-tour-del-deserto-di-merzouga","status":"publish","type":"page","link":"https:\/\/deafmoroccotours.com\/it\/7-giorni-da-fes-tour-del-deserto-di-merzouga\/","title":{"rendered":"7 giorni da Fes Tour del deserto di Merzouga"},"content":{"rendered":"<h4>Giorno 1 : Fes -Ifrane-Azrou-Midelt<\/h4>\n<p>L&#8217;autista\/guida vi prelever\u00e0 dal vostro alloggio di Fes alle 8 del mattino e vi porter\u00e0 a Merzouga, passando per Ifrane e arrivando alle foreste di cedri di Azrou, dove si trovano le scimmie selvatiche. Sar\u00e0 un&#8217;ottima occasione per scattare foto della natura selvaggia in Marocco. Prendete una pausa per il pranzo in un piccolo villaggio berbero di Zaida, e continuiamo la nostra strada verso le montagne dell&#8217;Atlante fino al sud del Marocco, godendo dei paesaggi di Midelt, pernottamento in hotel.<\/p>\n<h4>Giorno 2 : Midelt &#8211; Erdoud-Rissani- deserto di Merzouga<\/h4>\n<p>Prima di iniziare il viaggio verso il Sahara, \u00e8 necessario fare colazione. Merzouga sar\u00e0 la prossima destinazione, si viaggia attraverso le bellissime gole dello Ziz per ammirare le meravigliose strutture geologiche, si arriva a Errachidia, una delle principali citt\u00e0 del sud-est del Marocco, si prosegue per Rissani attraverso la valle dello Ziz e si arriva a Merzouga dove la vostra guida cammello vi aspetter\u00e0 per portarvi attraverso le alte dune di sabbia delle dune del Marocco Erg Chebbi, il giro in cammello per 2 ore attraverso le alte dune dopo aver visto il tramonto mozzafiato dalla cima delle dune. Il vostro pernottamento \u00e8 ai piedi delle dune in una tenda berbera dove cenerete e ascolterete la musica tam tam della festa berbera.<\/p>\n<h4>Giorno 3: Merzouga &#8211; Gole di Toudra &#8211; Gole del Dades<\/h4>\n<p>Partenza di buon mattino per assistere all&#8217;alba sulle dune, ritorno in dromedario alla locanda, dopo la colazione, partenza per il grande palmeto di Tafilalet attraverso Rissani. Visita all&#8217;antico souk pubblico di Rissani per gli animali. Proseguimento verso le Gole di Toudra, sosta per il pranzo e per le foto, passeggiata nelle gole e proseguimento per le Gole del Dades, attraversamento delle gole, foto delle montagne di scimmie, pernottamento in hotel.<\/p>\n<h4>Giorno 4: Gole del Dades- Kelaa Magouna &#8211; Ouarzazat-Ait Ben Hadhadou<\/h4>\n<p>La mattina alle 9 attraversiamo la Valle delle Rose e la valle del Dades, Skoura oisis con la sua autentica kasbah del 17\u00b0 secolo, la valle delle mille kasbah dove si attraversano 50 km in fuoristrada su piste di valle. Si arriva poi alla citt\u00e0 di Ouarzazatte, nota per gli studi cinematografici e per la kasbah di Tawrirt. Si prosegue per la famosa Kasbah di Ait Benhadou, sito classificato dall&#8217;UNESCO dal 1987, dove poche famiglie vivono ancora ad Ait Ben Haddou. Pernottamento in hotel.<\/p>\n<h4>5\u00b0 giorno: Ait ben Hadou &#8211; Tizi n Tichka -Marrakesh<\/h4>\n<p>Dopo la prima colazione, visiteremo la kasbah di Ait ben Haddou, dove sono stati girati diversi film americani come &#8220;Il Gladiatore&#8221;, &#8220;Asterix e Obelix&#8221;, e poi prenderemo una strada secondaria per la kasbah di Telouet, che ora si trova in rovina dopo che l&#8217;ultimo pasci\u00e0 se n&#8217;\u00e8 andato in seguito alla partenza dei francesi, attraversando la catena montuosa dell&#8217;Alto Atlante attraverso il Tizin-Tichka, il sentiero stretto pi\u00f9 alto del paese. Arrivo a Marrakech.<\/p>\n<h4>6\u00b0 giorno: Marrakech-Casablanca-Rabat<\/h4>\n<p>Dopo la prima colazione, alle 9 del mattino si parte per Casablanca e si visitano i punti salienti della citt\u00e0: Piazza Mohamed V, Piazza delle Nazioni Unite e infine una visita esterna alla moschea Hassan II. Costruita in riva al mare, il suo minareto \u00e8 alto 200 metri, il che la rende l&#8217;edificio religioso pi\u00f9 alto del mondo. sosta per il pranzo, dopodich\u00e9 si prosegue via Rabat, per visitare la capitale amministrativa e sede del governo, i cui monumenti erano noti con la kasbah di alwadaya, un luogo storico vicino all&#8217;oceano, poi la torre di Hassan 2 che doveva essere il pi\u00f9 grande minareto del mondo, insieme alla moschea il moderno Mausoleo di Mohammed 5, che insieme formano un importante complesso storico e turistico di Rabat. Cena e pernottamento in hotel.<\/p>\n<h4>7\u00b0 giorno: Rabat -Meknas- Fes<\/h4>\n<p>Mattina alle 9, proseguimento del viaggio verso Meknes con sosta lungo il percorso per visitare Volubilis e scoprire le sue rovine romane arrivo alla citt\u00e0 di Moulay Ismail, visita del Mausoleo di Moulay Ismail, dei numerosi edifici, dei giardini, delle porte monumentali come Bab El-Mansour delle moschee e delle grandi mura, proseguimento per Fes dove si pernotta e cena in hotel.<\/p>\n","protected":false},"excerpt":{"rendered":"<p>Giorno 1 : Fes -Ifrane-Azrou-Midelt L&#8217;autista\/guida vi prelever\u00e0 dal vostro alloggio di Fes alle 8 del mattino e vi porter\u00e0 a Merzouga, passando per Ifrane e<span class=\"excerpt-hellip\"> [\u2026]<\/span><\/p>\n","protected":false},"author":1,"featured_media":0,"parent":0,"menu_order":0,"comment_status":"closed","ping_status":"closed","template":"","meta":{"ngg_post_thumbnail":0},"_links":{"self":[{"href":"https:\/\/deafmoroccotours.com\/it\/wp-json\/wp\/v2\/pages\/136"}],"collection":[{"href":"https:\/\/deafmoroccotours.com\/it\/wp-json\/wp\/v2\/pages"}],"about":[{"href":"https:\/\/deafmoroccotours.com\/it\/wp-json\/wp\/v2\/types\/page"}],"author":[{"embeddable":true,"href":"https:\/\/deafmoroccotours.com\/it\/wp-json\/wp\/v2\/users\/1"}],"replies":[{"embeddable":true,"href":"https:\/\/deafmoroccotours.com\/it\/wp-json\/wp\/v2\/comments?post=136"}],"version-history":[{"count":7,"href":"https:\/\/deafmoroccotours.com\/it\/wp-json\/wp\/v2\/pages\/136\/revisions"}],"predecessor-version":[{"id":360,"href":"https:\/\/deafmoroccotours.com\/it\/wp-json\/wp\/v2\/pages\/136\/revisions\/360"}],"wp:attachment":[{"href":"https:\/\/deafmoroccotours.com\/it\/wp-json\/wp\/v2\/media?parent=136"}],"curies":[{"name":"wp","href":"https:\/\/api.w.org\/{rel}","templated":true}]}}