{"id":139,"date":"2019-09-27T17:22:39","date_gmt":"2019-09-27T17:22:39","guid":{"rendered":"https:\/\/deafmoroccotours.com\/wp\/?page_id=139"},"modified":"2022-08-29T15:07:56","modified_gmt":"2022-08-29T15:07:56","slug":"tour-di-5-giorni-da-casablanca-a-marrakech-e-al-deserto","status":"publish","type":"page","link":"https:\/\/deafmoroccotours.com\/it\/tour-di-5-giorni-da-casablanca-a-marrakech-e-al-deserto\/","title":{"rendered":"Tour di 5 giorni da Casablanca a Marrakech e al deserto"},"content":{"rendered":"<h4>GIORNO 1: DA CASABLANCA A MARRAKECH<\/h4>\n<p>Il nostro viaggio inizia con il prelievo dall&#8217;aeroporto di Casablanca, dove incontrerete il nostro autista e il nostro staff, che saranno i vostri compagni di viaggio. Direttamente sarete trasferiti nella bellissima citt\u00e0 rossa di &#8220;Marrakech&#8221;, dove pranzerete all&#8217;arrivo; farete il check-in nell&#8217;hotel\/riad in cui alloggerete; poi vi accompagneremo in un tour privato intorno ai monumenti pi\u00f9 sorprendenti della citt\u00e0, a partire dalla bellissima medina vecchia e dal suo antico mercato delle spezie che confonder\u00e0 il vostro naso con una miscela di odori meravigliosi; Subito dopo visiterete la maestosa moschea della Koutoubia, la pi\u00f9 grande e pi\u00f9 antica della citt\u00e0, con la sua minara ben desolata che si fa strada nel cielo di Marrakech e, non lontano dalla moschea, visiterete i giardini della Menara; dopo un soggiorno tranquillo andremo a esplorare il palazzo Bahia, un vero esempio di Riad marocchino, con la sua architettura unica e la sua decorazione; dopo aver saltato il sole per un po&#8217;, visiterete il magnifico sito delle tombe Saadiane. La sera concluderete la giornata davanti all&#8217;incantevole piazza di Jamaa Lefna, dove musicisti, cartomanti e acrobati si avvicenderanno per attirare la vostra attenzione. Cena e pernottamento in hotel.<\/p>\n<h4>GIORNO 2 : MARRAKECH ALLE GOLE DEL DADES<\/h4>\n<p>Passando per Ouarzazate, attraverseremo il passo di montagna pi\u00f9 alto del Nord Africa, la strada del Tizi n&#8217;Tichka, attraverso la valle del Dades, che offre uno scenario panoramico sulle alte montagne dell&#8217;Atlante, fino a raggiungere la famosa Kasbah di Ait Benhaddou; patrimonio dell&#8217;umanit\u00e0 e vanto architettonico del Marocco meridionale, che ha attirato persone e produttori da tutto il mondo per inserirla nei loro film (pi\u00f9 di 20 film universali) come &#8220;Son of God&#8221;, &#8220;Prince of Persia&#8221;, &#8220;Jesus of Nazareth&#8221; ecc.<\/p>\n<p>Proseguiremo poi verso la citt\u00e0 di Ouarzazate, conosciuta anche come &#8220;Ouallywood&#8221;, perch\u00e9 \u00e8 la sede di uno dei pi\u00f9 grandi studi cinematografici del mondo &#8220;Atlas studios&#8221;, dove si svolger\u00e0 una visita guidata per esplorare i set e conoscere meglio i film che vi sono stati girati. Dopo un soggiorno tranquillo nella zona, continueremo il nostro viaggio verso la valle del Dades, dove passerete la notte in una Kasbah locale, con cena inclusa.<\/p>\n<h4>GIORNO 3: DALLE GOLE DEL DADES AL DESERTO DI MERZOUGA<\/h4>\n<p>Al mattino farete colazione di fronte alla splendida zona del Dades e farete un breve giro per scoprire le famose Montagne delle Scimmie, prima di dirigervi verso uno dei canyon pi\u00f9 spettacolari del mondo, splendidamente situato tra le colline, le &#8220;Gole del Todgha&#8221;, dove avrete l&#8217;opportunit\u00e0 di fare un&#8217;escursione e di condividere la strada con la gente del posto e i loro animali da soma, in uno stato d&#8217;animo amichevole, godendovi il panorama dall&#8217;alto. Nel tardo pomeriggio, arriveremo alla citt\u00e0 di Merzouga, dove vi sistemerete in un hotel vicino alle dune per ripristinare e preparare il vostro equipaggiamento da bivacco; in seguito, la nostra guida vi condurr\u00e0 in un&#8217;esperienza memorabile attraverso le dune sabbiose e sciolte dell&#8217;Erg Echebbi in groppa ai cammelli, portandovi al nostro campo tradizionale sotto lo splendido tramonto. Dopo aver raggiunto l&#8217;accampamento, sarete accolti da uno spettacolo di musicisti locali che potrete gustare sorseggiando una calda tazza di t\u00e8, prima che vi venga servita una cena tradizionale intorno al fuoco dell&#8217;accampamento. Pernottamento in tenda sotto il cielo.<\/p>\n<h4>GIORNO 4 : DESERTO DI MERZOUGA A FES<\/h4>\n<p>Al mattino la nostra guida vi sveglier\u00e0 presto per permettervi di assistere all&#8217;alba di Merzouga, un miracolo della natura, e mentre il sole splende e riscalda la nostra pelle gusterete una colazione tradizionale. Poi torneremo al nostro veicolo e continueremo il nostro viaggio visitando la piccola citt\u00e0 di Rissani, luogo di nascita del fondatore della dinastia alauita &#8220;Moulay Ali Cherif&#8221;, dove potrete passeggiare.<\/p>\n<p>Poi riprenderemo il nostro tour, passando per il fiume Ziz, dove il verde dei bellissimi palmeti e delle oasi costeggiano l&#8217;area; subito dopo attraverseremo il secondo passo montano pi\u00f9 alto del Marocco, la strada del Tizi n&#8217;Talghamt, che vi offrir\u00e0 una splendida vista sulle alte montagne dell&#8217;Atlante, fino a raggiungere Midelt, dove potrete pranzare. Dopo pranzo continueremo a guidare verso la capitale culturale del Marocco, la citt\u00e0 di Fes, attraversando le bellissime montagne del Medio Atlante e le grandi foreste di cedri.<\/p>\n<p>In serata arriveremo a Fes, dove trascorrerete la notte.<\/p>\n<h4>GIORNO 5 : FES A CASABLANCA<\/h4>\n<p>Dopo la prima colazione, la nostra guida vi condurr\u00e0 in un tour privato intorno ai lati storici di Fes, con i suoi maestosi monumenti e gli antichi vicoli.<\/p>\n<p>A mezzogiorno, torneremo alla citt\u00e0 di Casablanca dove vi ringrazieremo per aver scelto la nostra compagnia e per aver condiviso questo viaggio con noi.<\/p>\n","protected":false},"excerpt":{"rendered":"<p>GIORNO 1: DA CASABLANCA A MARRAKECH Il nostro viaggio inizia con il prelievo dall&#8217;aeroporto di Casablanca, dove incontrerete il nostro autista e il nostro staff, che<span class=\"excerpt-hellip\"> [\u2026]<\/span><\/p>\n","protected":false},"author":1,"featured_media":0,"parent":0,"menu_order":0,"comment_status":"closed","ping_status":"closed","template":"","meta":{"ngg_post_thumbnail":0},"_links":{"self":[{"href":"https:\/\/deafmoroccotours.com\/it\/wp-json\/wp\/v2\/pages\/139"}],"collection":[{"href":"https:\/\/deafmoroccotours.com\/it\/wp-json\/wp\/v2\/pages"}],"about":[{"href":"https:\/\/deafmoroccotours.com\/it\/wp-json\/wp\/v2\/types\/page"}],"author":[{"embeddable":true,"href":"https:\/\/deafmoroccotours.com\/it\/wp-json\/wp\/v2\/users\/1"}],"replies":[{"embeddable":true,"href":"https:\/\/deafmoroccotours.com\/it\/wp-json\/wp\/v2\/comments?post=139"}],"version-history":[{"count":5,"href":"https:\/\/deafmoroccotours.com\/it\/wp-json\/wp\/v2\/pages\/139\/revisions"}],"predecessor-version":[{"id":370,"href":"https:\/\/deafmoroccotours.com\/it\/wp-json\/wp\/v2\/pages\/139\/revisions\/370"}],"wp:attachment":[{"href":"https:\/\/deafmoroccotours.com\/it\/wp-json\/wp\/v2\/media?parent=139"}],"curies":[{"name":"wp","href":"https:\/\/api.w.org\/{rel}","templated":true}]}}