{"id":141,"date":"2019-09-27T17:24:05","date_gmt":"2019-09-27T17:24:05","guid":{"rendered":"https:\/\/deafmoroccotours.com\/wp\/?page_id=141"},"modified":"2022-08-29T15:08:38","modified_gmt":"2022-08-29T15:08:38","slug":"tour-delle-citta-imperiali-di-6-giorni-da-casablanca","status":"publish","type":"page","link":"https:\/\/deafmoroccotours.com\/it\/tour-delle-citta-imperiali-di-6-giorni-da-casablanca\/","title":{"rendered":"Tour delle citt\u00e0 imperiali di 6 giorni da Casablanca"},"content":{"rendered":"<h4>Giorno 1 &#8211; Casablanca &#8211; Rabat &#8211; Meknes &#8211; Fes<\/h4>\n<p>Oggi verremo a prendervi all&#8217;aeroporto o al vostro hotel. Poi ci dirigeremo verso Fes passando per Rabat, dove potremo visitare la moschea di Hassan II. Visiteremo anche le rovine di Volubilis, poi Meknes dove potremo visitare i suoi monumenti e le sue attrazioni. A Fes pernotteremo in un riad locale.<\/p>\n<h4>Giorno 2 &#8211; Esplorazione di Fes &#8211; fes<\/h4>\n<p>Il secondo giorno del nostro tour privato del Marocco esploreremo la medina di Fes e anche la parte nuova di Fes. Nella medina &#8211; parte vecchia si visiteranno molti luoghi interessanti, musei. Fes \u00e8 stata la capitale del Marocco per pi\u00f9 di 300 anni. Qui si trova anche l&#8217;Universit\u00e0 di Al Karaouine, che \u00e8 la pi\u00f9 antica universit\u00e0 del mondo. Visiteremo anche il mausoleo di Moulay Idriss. Parte importante della citt\u00e0 sono anche le concerie, il Palazzo Reale, il quartiere ebraico chiamato Mellah con la sua sinagoga. Il nostro tour privato del Marocco a Fes include anche una visita alla fabbrica di ceramica. Nel tardo pomeriggio avrete un programma libero per scoprire da soli la medina di Fes. Pernottamento e cena in hotel locale.<\/p>\n<h4>Giorno 3 : Fes &#8211; Azrou &#8211; Midelt &#8211; Rissani &#8211; Deserto di Merzouga<\/h4>\n<p>Il nostro tour privato del Marocco inizia guidando verso Ifrane &#8211; bellissimo villaggio di montagna, spesso chiamato la Svizzera del Marocco. Ci fermeremo vicino alla foresta di cedri nella zona centrale dell&#8217;Atlante, dove potrete osservare le scimmie che si godono la loro libert\u00e0. Continuiamo il nostro viaggio verso Azrou &#8211; villaggio berbero nella pi\u00f9 grande foresta di cedri del Marocco. Visiteremo poi la citt\u00e0 di Midelt, famosa per i suoi minerali e per il clima fresco in estate. Percorriamo la valle dello Ziz, poi visitiamo Erfoud e i suoi prodotti fossili. A Rissani possiamo visitare il souk locale e mangiare una pizza berbera. Pi\u00f9 tardi arriveremo nel deserto di Merzouga e pernotteremo in un hotel nel deserto.<\/p>\n<h4>Giorno 4 : Tour in 4\u00d74 nel deserto di Merzouga e trekking in cammello<\/h4>\n<p>Questa giornata sar\u00e0 dedicata all&#8217;esplorazione del deserto del Sahara in 4\u00d74. Dopo la colazione faremo un giro tra le dune e visiteremo alcune oasi del deserto, nonch\u00e9 il villaggio di Khamlia, famoso per la sua musica &#8211; la musica Gnaoua. Pi\u00f9 tardi, durante il nostro tour privato del Marocco, visiteremo i nomadi berberi nel deserto e trascorreremo un breve periodo con loro. Poi ci addentreremo nel deserto a dorso di cammello e trascorreremo la notte nell&#8217;accampamento del deserto in tenda. Ceneremo e ascolteremo musica berbera intorno al fuoco. Questa sar\u00e0 un&#8217;esperienza straordinaria nel vostro tour privato in Marocco che non dimenticherete mai.<\/p>\n<h4>Giorno 5 : Deserto di Merzouga &#8211; Gole del Todra &#8211; Valle del Dades<\/h4>\n<p>Oggi, al mattino presto, osserveremo l&#8217;alba dall&#8217;alta duna e poi continueremo il trekking a dorso di cammello fino al nostro hotel a Merzouga. Dopo la colazione e la doccia, continuiamo il nostro tour privato del Marocco verso Rissani ed Erfoud, dove possiamo visitare la fabbrica di marmo fossile e i negozi. Passiamo poi per Tinjdad, Tinghir e la nostra prossima destinazione saranno le Gole del Todra. \u00c8 un paradiso per gli scalatori e avrete tempo libero per scoprirla da soli. Nel pomeriggio proseguiremo verso la Valle del Dades dove ceneremo e pernotteremo in un riad\/hotel locale.<\/p>\n<h4>Giorno 6 : Valle del Dades &#8211; Ouarzazate -Ait Ben Haddou &#8211; Marrakech<\/h4>\n<p>L&#8217;ultimo giorno del vostro tour privato in Marocco partiamo verso Marrakech visitando Ouarzazatte. Qui possiamo visitare gli studi cinematografici e la kasbah locale. Proseguiamo il nostro tour privato del Marocco verso Ait Ben Haddou per visitare il suo famoso villaggio e la sua kasbah. Qui sono stati girati molti film famosi. Poi continuiamo a guidare attraverso i monti dell&#8217;Alto Atlante passando per il passo di Tizi n Tichka. Dopo aver raggiunto Marrakech, vi lasceremo al vostro hotel o all&#8217;aeroporto.<\/p>\n","protected":false},"excerpt":{"rendered":"<p>Giorno 1 &#8211; Casablanca &#8211; Rabat &#8211; Meknes &#8211; Fes Oggi verremo a prendervi all&#8217;aeroporto o al vostro hotel. Poi ci dirigeremo verso Fes passando per<span class=\"excerpt-hellip\"> [\u2026]<\/span><\/p>\n","protected":false},"author":1,"featured_media":0,"parent":0,"menu_order":0,"comment_status":"closed","ping_status":"closed","template":"","meta":{"ngg_post_thumbnail":0},"_links":{"self":[{"href":"https:\/\/deafmoroccotours.com\/it\/wp-json\/wp\/v2\/pages\/141"}],"collection":[{"href":"https:\/\/deafmoroccotours.com\/it\/wp-json\/wp\/v2\/pages"}],"about":[{"href":"https:\/\/deafmoroccotours.com\/it\/wp-json\/wp\/v2\/types\/page"}],"author":[{"embeddable":true,"href":"https:\/\/deafmoroccotours.com\/it\/wp-json\/wp\/v2\/users\/1"}],"replies":[{"embeddable":true,"href":"https:\/\/deafmoroccotours.com\/it\/wp-json\/wp\/v2\/comments?post=141"}],"version-history":[{"count":4,"href":"https:\/\/deafmoroccotours.com\/it\/wp-json\/wp\/v2\/pages\/141\/revisions"}],"predecessor-version":[{"id":372,"href":"https:\/\/deafmoroccotours.com\/it\/wp-json\/wp\/v2\/pages\/141\/revisions\/372"}],"wp:attachment":[{"href":"https:\/\/deafmoroccotours.com\/it\/wp-json\/wp\/v2\/media?parent=141"}],"curies":[{"name":"wp","href":"https:\/\/api.w.org\/{rel}","templated":true}]}}