{"id":143,"date":"2019-09-27T17:24:56","date_gmt":"2019-09-27T17:24:56","guid":{"rendered":"https:\/\/deafmoroccotours.com\/wp\/?page_id=143"},"modified":"2022-08-29T15:03:56","modified_gmt":"2022-08-29T15:03:56","slug":"7-giorni-da-casablanca-al-deserto-di-merzouga","status":"publish","type":"page","link":"https:\/\/deafmoroccotours.com\/it\/7-giorni-da-casablanca-al-deserto-di-merzouga\/","title":{"rendered":"7 giorni da Casablanca al deserto di Merzouga"},"content":{"rendered":"<h4>Giorno 1: Arrivo a Casablanca &#8211; Marrakech<\/h4>\n<p>Il nostro autista verr\u00e0 a prendervi all&#8217;aeroporto di Casablanca. Visiteremo rapidamente la citt\u00e0 di Casablanca &#8211; la moschea di Hassan II, la zona di Ebach e poi vi porteremo a Marrakech. Avrete l&#8217;opportunit\u00e0 di esplorare questa citt\u00e0 per conto vostro. Soggiorneremo in un riad locale.<\/p>\n<h4>Giorno 2: Visita guidata di Marrakech<\/h4>\n<p>Oggi faremo una visita guidata privata della Medina di Marrakech con una guida ufficiale. Vedrete la famosa Moschea della Koutubia, la Medina e i suoi souk, ed esploreremo altri segreti di Marrakech: la scuola coranica Ali Ben Youssef, il Palazzo Saadiano della Bahia e i Giardini Majorelle. Anche questa notte trascorreremo in un riad locale nella Medina.<\/p>\n<h4>Giorno 3: Marrakech &#8211; Ait Ben Haddou &#8211; Gole del Dades<\/h4>\n<p>Oggi lasciamo Marrakech e attraversiamo il passo Tizi n Tichka dell&#8217;Alto Atlante. Visiteremo il sito patrimonio mondiale dell&#8217;UNESCO di Ait Ben Haddou. Continuiamo a esplorare la Valle del Dades e le sue famose Gole e arriviamo alle Gole del Dades, dove ceneremo e pernotteremo in un riad locale in montagna.<\/p>\n<h4>Giorno 4: Gole del Dades &#8211; Erg Chebbi nel deserto del Sahara<\/h4>\n<p>Oggi visitiamo le Gole del Todra, il canyon pi\u00f9 impressionante del Marocco. Poi ci dirigiamo verso Erfoud e Rissani e nel pomeriggio arriviamo in un affascinante hotel nel deserto situato nell&#8217;Erg Chebbi dove ceneremo.<\/p>\n<h4>Giorno 5: Erg Chebbi nel deserto del Sahara<\/h4>\n<p>Oggi avrete la giornata a disposizione per esplorare il deserto del Sahara dell&#8217;Erg Chebbi. Visiterete un villaggio musicale locale, Khamlia, e gusterete un t\u00e8 con una famiglia nomade. Poi ci prepareremo per il trekking a dorso di cammello nel deserto. Ci fermeremo a guardare il tramonto e ceneremo sotto le stelle in una tenda in stile berbero dove passeremo anche una notte.<\/p>\n<h4>6\u00b0 giorno: Erg Chebbi &#8211; Valle dello Ziz &#8211; Ifrane | Fes<\/h4>\n<p>Dopo la sveglia mattutina, osserveremo l&#8217;alba e faremo un&#8217;escursione a dorso di cammello fino all&#8217;hotel. Poi ci dirigeremo verso la Valle dello Ziz e le montagne del Medio Atlante, passeremo per Midelt, Ifrane, la &#8220;Svizzera del Marocco&#8221;, e infine verremo lasciati al nostro riad a Fes.<\/p>\n<h4>7\u00b0 giorno: visita guidata di Fes<\/h4>\n<p>Oggi esplorerete la medina di Fes, protetta dall&#8217;UNESCO, con una guida ufficiale. La medina di Fes \u00e8 la pi\u00f9 antica e la pi\u00f9 bella del Marocco ed \u00e8 stata dichiarata Patrimonio Mondiale dell&#8217;Umanit\u00e0. L&#8217;universit\u00e0 di Fes \u00e8 la pi\u00f9 antica del mondo. Visiteremo anche i conciatori e scopriremo una terrazza che si affaccia sulla conceria.<\/p>\n","protected":false},"excerpt":{"rendered":"<p>Giorno 1: Arrivo a Casablanca &#8211; Marrakech Il nostro autista verr\u00e0 a prendervi all&#8217;aeroporto di Casablanca. Visiteremo rapidamente la citt\u00e0 di Casablanca &#8211; la moschea di<span class=\"excerpt-hellip\"> [\u2026]<\/span><\/p>\n","protected":false},"author":1,"featured_media":0,"parent":0,"menu_order":0,"comment_status":"closed","ping_status":"closed","template":"","meta":{"ngg_post_thumbnail":0},"_links":{"self":[{"href":"https:\/\/deafmoroccotours.com\/it\/wp-json\/wp\/v2\/pages\/143"}],"collection":[{"href":"https:\/\/deafmoroccotours.com\/it\/wp-json\/wp\/v2\/pages"}],"about":[{"href":"https:\/\/deafmoroccotours.com\/it\/wp-json\/wp\/v2\/types\/page"}],"author":[{"embeddable":true,"href":"https:\/\/deafmoroccotours.com\/it\/wp-json\/wp\/v2\/users\/1"}],"replies":[{"embeddable":true,"href":"https:\/\/deafmoroccotours.com\/it\/wp-json\/wp\/v2\/comments?post=143"}],"version-history":[{"count":4,"href":"https:\/\/deafmoroccotours.com\/it\/wp-json\/wp\/v2\/pages\/143\/revisions"}],"predecessor-version":[{"id":361,"href":"https:\/\/deafmoroccotours.com\/it\/wp-json\/wp\/v2\/pages\/143\/revisions\/361"}],"wp:attachment":[{"href":"https:\/\/deafmoroccotours.com\/it\/wp-json\/wp\/v2\/media?parent=143"}],"curies":[{"name":"wp","href":"https:\/\/api.w.org\/{rel}","templated":true}]}}