{"id":145,"date":"2019-09-27T17:25:34","date_gmt":"2019-09-27T17:25:34","guid":{"rendered":"https:\/\/deafmoroccotours.com\/wp\/?page_id=145"},"modified":"2022-08-29T15:10:17","modified_gmt":"2022-08-29T15:10:17","slug":"8-giorni-da-casablanca-a-marrakech","status":"publish","type":"page","link":"https:\/\/deafmoroccotours.com\/it\/8-giorni-da-casablanca-a-marrakech\/","title":{"rendered":"8 giorni da Casablanca a Marrakech"},"content":{"rendered":"<h4>Giorno 1: Casablanca-Rabat-Meknes-Fes.<\/h4>\n<p>Verremo a prendervi all&#8217;aeroporto di Casablanca per iniziare il tour di 8 giorni di Casablanca Marrakech verso Fez attraverso la Moschea di Hassan. In seguito, proseguiremo verso Rabat o la citt\u00e0\/capitale amministrativa dove visiteremo la Torre di Hassan. Si prosegue poi per Fez.<\/p>\n<h4>Giorno 2: Visita di Fes.<\/h4>\n<p>Dopo la prima colazione, incontreremo la guida locale e la maggior parte della giornata sar\u00e0 dedicata alla Medina (parte vecchia della citt\u00e0) con una guida di una giornata intera che vi permetter\u00e0 di scoprire molti momenti storici come il quartiere ebraico, il Palazzo Reale, i vecchi souk&#8230; e le concerie.<\/p>\n<h4>3\u00b0 giorno: Fes &#8211; Foresta di cedri &#8211; Medilt &#8211; Ziz &#8211; Valle &#8211; Deserto del Sahara.<\/h4>\n<p>Partenza del nostro viaggio nel deserto alle 08:00 per attraversare Ifrane e la foresta di cedri di Azrou, dove si trovano le scimmie selvatiche. Inoltre, ci piace vedere le scimmie che si arrampicano sugli alberi. In seguito, si prosegue verso il deserto passando per la valle di Ziz e Erfoud, nota per i fossili di marmo. Quindi, si arriva a Merzouga passando per Rissani o luogo commerciale dove molte trib\u00f9 vengono a vendere e comprare merci. Arriviamo quindi nel deserto.<\/p>\n<h4>4\u00b0 giorno: giro del Nomad in 4\u00d74 &#8211; giro in cammello &#8211; notte nel campo del deserto.<\/h4>\n<p>Una parte del nostro tour di 8 giorni Casablanca Marrakech sar\u00e0 intorno alle dune di Erg Chebbi, dove i nomadi vivono ancora, iniziando con la Khamlia o musica tradizionale Gnawa. In seguito, visiteremo alcune miniere deserte e oasi di palme. Il pranzo sar\u00e0 a base di prodotti locali, dopodich\u00e9 torneremo alla Guest House per cavalcare i cammelli all&#8217;interno delle dune di sabbia e scoprire il deserto.<\/p>\n<h4>5\u00b0 giorno: Deserto-Antico souk-Erfoud-Gole di Toudra-Dades.<\/h4>\n<p>Dopo aver scattato foto memorabili dell&#8217;alba, torniamo alla Guest House per fare colazione e una doccia. Poi, iniziamo il nostro viaggio verso la valle del Dades passando per Erfoud, nota per i fossili di marmo, e Jorf, dove si pratica l&#8217;irrigazione. Proseguiamo poi verso le Gole del Todra, che contengono uno dei canyon pi\u00f9 impressionanti del Dades.<\/p>\n<h4>6\u00b0 giorno: Oasi di Dades-Skoura-Kasbah Taourirt-Ouarzazate-Marrakech.<\/h4>\n<p>Dopo la prima colazione, continuiamo a guidare il nostro tour di 8 giorni a Casablanca in direzione di Ouarzazate, attraversando i villaggi berberi costruiti con il fango e proseguendo verso Skoura, nota per le sue palme. Proseguiamo poi verso Ouarzazate o Hollywood marocchina e visitiamo una delle antiche Kasbah. Poi lasciamo Ouarzazate per raggiungere Marrakech.<\/p>\n<h4>7\u00b0 giorno: Visita di Marrakech.<\/h4>\n<p>Alle 09:00, la maggior parte della giornata sar\u00e0 dedicata alla Medina, la parte antica della citt\u00e0 (citt\u00e0 rossa), con una guida di un&#8217;intera giornata. Poi, visiterete uno dei migliori momenti storici che si trovano vicino a piazza Jemaa el fna, El Koutobia, le Tombe Saidian, Menara&#8230; e il Giardino Majorelle.<\/p>\n<h4>8\u00b0 giorno: Marrakech all&#8217;aeroporto.<\/h4>\n<p>Il nostro tour di Casablanca di 8 giorni a Marrakech si concluder\u00e0 con il trasferimento all&#8217;aeroporto.<\/p>\n","protected":false},"excerpt":{"rendered":"<p>Giorno 1: Casablanca-Rabat-Meknes-Fes. Verremo a prendervi all&#8217;aeroporto di Casablanca per iniziare il tour di 8 giorni di Casablanca Marrakech verso Fez attraverso la Moschea di Hassan.<span class=\"excerpt-hellip\"> [\u2026]<\/span><\/p>\n","protected":false},"author":1,"featured_media":0,"parent":0,"menu_order":0,"comment_status":"closed","ping_status":"closed","template":"","meta":{"ngg_post_thumbnail":0},"_links":{"self":[{"href":"https:\/\/deafmoroccotours.com\/it\/wp-json\/wp\/v2\/pages\/145"}],"collection":[{"href":"https:\/\/deafmoroccotours.com\/it\/wp-json\/wp\/v2\/pages"}],"about":[{"href":"https:\/\/deafmoroccotours.com\/it\/wp-json\/wp\/v2\/types\/page"}],"author":[{"embeddable":true,"href":"https:\/\/deafmoroccotours.com\/it\/wp-json\/wp\/v2\/users\/1"}],"replies":[{"embeddable":true,"href":"https:\/\/deafmoroccotours.com\/it\/wp-json\/wp\/v2\/comments?post=145"}],"version-history":[{"count":4,"href":"https:\/\/deafmoroccotours.com\/it\/wp-json\/wp\/v2\/pages\/145\/revisions"}],"predecessor-version":[{"id":375,"href":"https:\/\/deafmoroccotours.com\/it\/wp-json\/wp\/v2\/pages\/145\/revisions\/375"}],"wp:attachment":[{"href":"https:\/\/deafmoroccotours.com\/it\/wp-json\/wp\/v2\/media?parent=145"}],"curies":[{"name":"wp","href":"https:\/\/api.w.org\/{rel}","templated":true}]}}