{"id":147,"date":"2019-09-27T17:29:12","date_gmt":"2019-09-27T17:29:12","guid":{"rendered":"https:\/\/deafmoroccotours.com\/wp\/?page_id=147"},"modified":"2022-08-29T15:13:47","modified_gmt":"2022-08-29T15:13:47","slug":"tour-di-7-giorni-da-tangeri-al-deserto-di-merzouga","status":"publish","type":"page","link":"https:\/\/deafmoroccotours.com\/it\/tour-di-7-giorni-da-tangeri-al-deserto-di-merzouga\/","title":{"rendered":"Tour di 7 giorni da Tangeri al deserto di Merzouga"},"content":{"rendered":"<h4>GIORNO 1 TANGER &#8211; MONTAGNE DEL RIF &#8211; CHEFCHAOUEN<\/h4>\n<p>Tour e viaggi in Marocco da Tangeri Incontro con la nostra guida al porto di Tanger e partenza per Chefchaouen nelle montagne del Rif. Visita di Chefchaouen: (o Chaouen) nelle montagne del Rif, fondata dai musulmani e dagli ebrei che furono spinti dai cristiani nel XV secolo. La citt\u00e0 non era conosciuta fino al XX secolo ed era rimasta relativamente immutata per 500 anni. Si dice che offra la migliore visione possibile dell&#8217;aspetto di una citt\u00e0 andalusa al tempo dei Mori. La citt\u00e0 \u00e8 diventata una meta turistica, le sue strette strade medinastre, le case colorate di bianco e blu e la sua splendida posizione nel mezzo delle montagne la rendono unica. Auto : 1 ora &#8211; A piedi : 3 ore<\/p>\n<h4>GIORNO 2 CHEFCHAOUEN- VOLUBILIS -FEZ<\/h4>\n<p>Partenza per Fes alle 22:00. Si attraversano colline verdi, vaste terre aperte e campi di grano. Ci fermiamo per il pranzo vicino a Ouazane e proseguiamo per Volubilis. Si tratta delle rovine romane meglio conservate del Marocco. La visita guidata all&#8217;interno del sito romano vi riporter\u00e0 ai miti di Roma grazie agli splendidi mosaici, alle strade, alle colonne e alle terme. Non lontano, si trova l&#8217;antico villaggio di Moulay Driss Zerhoune, dove \u00e8 sepolto il fondatore della prima dinastia araba islamica in Marocco. Se il tempo a disposizione lo permette, prima di dirigerci a Fez, faremo una sosta per un t\u00e8 alla menta in questa citt\u00e0.Hotel\/ Riad. Auto : 5 ore &#8211; A piedi : 1 ora Tempo di viaggio : 5 ore<\/p>\n<h4>GIORNO 3 VISITA GUIDATA DELLA MEDINA DI FEZ<\/h4>\n<p>Dopo la prima colazione, alle 10:00 si terr\u00e0 una visita guidata alla medina di F\u00e8s. Per cominciare, la torre meridionale e la fortezza del XVI secolo si trovano faccia a faccia con quella settentrionale, con una vista panoramica sulla citt\u00e0 medievale. Visiteremo una simpatica cooperativa di ceramiche. La visita permetter\u00e0 di approfondire le conoscenze sulla realizzazione del mosaico marocchino &#8220;zellij&#8221; e della ceramica blu di Fez. Una vera e propria citt\u00e0 vecchia e labirintica dell&#8217;VIII secolo. Viaggerete nel tempo fino al periodo medievale della citt\u00e0, dove la gente lavora ancora in piccole strade strette, numerose piccole bancarelle di tutti i tipi di artigianato tradizionale e gli asini carichi di provviste vanno su e gi\u00f9 per le strade della medina. Per un po&#8217; non sentirete il senso dell&#8217;orientamento e del tempo. La medina di Fez \u00e8 ricca di monumenti islamici: le affascinanti moschee antiche, l&#8217;Universit\u00e0 di El-Karaouiyine e le sue biblioteche. Tutti questi elementi hanno fatto di Fez la capitale spirituale e culturale del paese. In auto :1 ora &#8211; A piedi : 4 ore<\/p>\n<h4>GIORNO 4 FEZ &#8211; ERFOUD &#8211; CAMPO DEL DESERTO DI ERG CHEBBI<\/h4>\n<p>Mattinata in auto attraverso le montagne del Medio Atlante. \u00c8 la casa delle scimmie di Barberia chiamate &#8220;themaggot&#8221;, originarie della foresta di cedri del Medio Atlante. Una sosta a Ifrantown sar\u00e0 molto apprezzata. \u00c8 un luogo famoso per le stazioni sciistiche del Marocco ed \u00e8 stato fondato durante il protettorato francese. Pranziamo a Medilt, nota per la migliore produzione di mele del Marocco. Sosta fotografica a Zizvalley, dove si trovano palmeti e datteri. Erfoud \u00e8 la capitale dei fossili in Marocco, quindi avrete la possibilit\u00e0 di visitare una delle fabbriche dove si producono bellissimi articoli in marmo. Subito dopo visiteremo il mausoleo di Mouay Ali Chref, a Rissan, fondatore della dinastia alauita del Marocco nel XVII secolo. Incontro con i cammelli per un giro in cammello e poi verso le dune per ammirare il tramonto. Pernottamento nella tenda berbera. Auto: 7 ore &#8211; Camminata: 2 ore<\/p>\n<h4>GIORNO 5 GIORNATA LIBERA ALLA SCOPERTA DELLE DUNE DEL DESERTO:<\/h4>\n<p>Incontro con i nomadi<br \/>\nMusica Gnaoua<br \/>\nTempo libero<br \/>\nAuto: 4 ore &#8211; Camminata: 2 ore<\/p>\n<h4>GIORNO 6 CAMPO DEL DESERTO &#8211; ALNIF &#8211; GOLA DI TODRA<\/h4>\n<p>Sveglia presto per il sorgere del sole e giro in cammello fino alla linea delle dune. Tempo per la colazione e la doccia, poi ci dirigiamo verso Tinjidad e accostiamo per vedere il vecchio sistema sotterraneo di irrigazione &#8220;khatarat&#8221;, ancora utilizzato nell&#8217;oasi di Jorf. Pranzo a Toudravalley. Ha bellissime kasbah e montagne lungo 15 km di palmeti. Arrivare alle spettacolari gole di 300 m di altezza e godersi una piccola passeggiata vicino al fiume di Toudra. Pernottamento in hotel Kasbah. In auto: 4 ore &#8211; Camminata: 2 ore<\/p>\n<h4>GIORNO 7 GOLE DEL TODGHA &#8211; DADES &#8211; SKOURA &#8211; OUARZAZATE<\/h4>\n<p>Ci dirigiamo verso la Valle del Dades per ammirare le splendide formazioni delle montagne dell&#8217;Alto Atlante e delle sue mille Kasbah. Campi verdi di fichi, mandorle, albicocche, pesche, noci e melograni. Poi la valle delle rose, famosa per l&#8217;acqua di rose e le creme di bellezza estratte dalla rosa damascena, che si trovano in alcuni costosi profumi, prodotti per la cura della pelle, del corpo, cosmetici, per la cura dei capelli, medicinali, ecc. Le donne devono raccogliere i fiori al mattino presto. A maggio gli abitanti del luogo celebrano il raccolto delle rose con una festa. Su entrambi i lati della strada si vedono bambini che vendono collane di rose. Attraversando l&#8217;antica palmeria di Skoura si arriva a Ouarzazate. Auto : 3 ore &#8211; A piedi : 2 ore<\/p>\n<h4>8\u00b0 giorno Ouarzazate &#8211; Kasbah di Ait Ben Haddou &#8211; Marrakech.<\/h4>\n<p>Ouarzazate ha 3 studi cinematografici e bellissime kasbah. Visita facoltativa della Kasbah di Taourert Poi si parte per il villaggio di Ait ben Haddou. Esploriamo il villaggio pi\u00f9 conservato del sud del Paese, classificato come uno dei patrimoni dell&#8217;umanit\u00e0 dall&#8217;UNISCO nel 1987 e in cui sono stati girati una serie di film come Il Gladiatore, Il Principe di Persia&#8230; Faremo alcune passeggiate all&#8217;interno del villaggio e continueremo lungo la valle dell&#8217;Unila per raggiungere la Kasbah di Telouet, una grande fortezza del Pacha che era l&#8217;uomo pi\u00f9 potente del sud. Attraversando lo spettacolare passo dell&#8217;Alto Atlante (Tizi-n-Tichka 2260 m ALT) arriveremo a Marrakech.<\/p>\n","protected":false},"excerpt":{"rendered":"<p>GIORNO 1 TANGER &#8211; MONTAGNE DEL RIF &#8211; CHEFCHAOUEN Tour e viaggi in Marocco da Tangeri Incontro con la nostra guida al porto di Tanger e<span class=\"excerpt-hellip\"> [\u2026]<\/span><\/p>\n","protected":false},"author":1,"featured_media":0,"parent":0,"menu_order":0,"comment_status":"closed","ping_status":"closed","template":"","meta":{"ngg_post_thumbnail":0},"_links":{"self":[{"href":"https:\/\/deafmoroccotours.com\/it\/wp-json\/wp\/v2\/pages\/147"}],"collection":[{"href":"https:\/\/deafmoroccotours.com\/it\/wp-json\/wp\/v2\/pages"}],"about":[{"href":"https:\/\/deafmoroccotours.com\/it\/wp-json\/wp\/v2\/types\/page"}],"author":[{"embeddable":true,"href":"https:\/\/deafmoroccotours.com\/it\/wp-json\/wp\/v2\/users\/1"}],"replies":[{"embeddable":true,"href":"https:\/\/deafmoroccotours.com\/it\/wp-json\/wp\/v2\/comments?post=147"}],"version-history":[{"count":5,"href":"https:\/\/deafmoroccotours.com\/it\/wp-json\/wp\/v2\/pages\/147\/revisions"}],"predecessor-version":[{"id":278,"href":"https:\/\/deafmoroccotours.com\/it\/wp-json\/wp\/v2\/pages\/147\/revisions\/278"}],"wp:attachment":[{"href":"https:\/\/deafmoroccotours.com\/it\/wp-json\/wp\/v2\/media?parent=147"}],"curies":[{"name":"wp","href":"https:\/\/api.w.org\/{rel}","templated":true}]}}