{"id":150,"date":"2019-09-27T17:30:28","date_gmt":"2019-09-27T17:30:28","guid":{"rendered":"https:\/\/deafmoroccotours.com\/wp\/?page_id=150"},"modified":"2022-08-29T15:13:15","modified_gmt":"2022-08-29T15:13:15","slug":"tour-di-8-giorni-da-tangeri-a-marrakech","status":"publish","type":"page","link":"https:\/\/deafmoroccotours.com\/it\/tour-di-8-giorni-da-tangeri-a-marrakech\/","title":{"rendered":"Tour di 8 giorni da Tangeri a Marrakech"},"content":{"rendered":"<h4>Giorno 1: Tanger &#8211; Tetauan &#8211; Chefchaouen<\/h4>\n<p>Da Tangeri a MarrakechPrendiamo la macchina dall&#8217;aeroporto, dal traghetto o dal vostro alloggio. Attraversiamo le montagne del Rif e la citt\u00e0 di Tetoun per godere della vista delle splendide montagne fino ad arrivare a Chefchaouen, uno dei villaggi pi\u00f9 belli ai piedi delle montagne del Rif. La medina di Chefchaouen ha una piazza in stile spagnolo circondata da molti negozi di artigianato artistico, ristoranti e caff\u00e8 sul tetto, dove trascorrerete la notte in un luogo piacevole per godervi la brezza e la bellezza della natura.<\/p>\n<h4>Giorno 2: Chefchaouen &#8211; Volubilis &#8211; Meknes &#8211; Fes<\/h4>\n<p>Dopo la prima colazione si parte per Fes passando per la montagna del Rif, Volubilis, Meknes. A Volubilistangier to marrakech visiteremo le rovine romane di Volubilis (Patrimonio dell&#8217;Umanit\u00e0 dell&#8217;Unesco), le pi\u00f9 importanti rovine romane del Marocco, poi faremo una visita a Mouly Idriss, una delle citt\u00e0 pi\u00f9 sacre del Paese. Si prosegue per Meknes, quarta citt\u00e0 imperiale del Marocco. Nel pomeriggio, visita degli importanti monumenti della citt\u00e0: Bab El Mansour, piazza Lahdim e il museo Mouly Isma\u00efl. Poi si prosegue verso Fes per raggiungere l&#8217;alloggio. Cena e pernottamento in riad nella Medina di Fes.<\/p>\n<h4>Giorno 3: Visita di Fes<\/h4>\n<p>oggi scopriamo una delle pi\u00f9 antiche e belle citt\u00e0 imperiali del Marocco, la capitale spirituale del Paese. Al mattino visitiamo le curiosit\u00e0 pi\u00f9 importanti di questa citt\u00e0: le Medresse (universit\u00e0 religiose), la piazza Najarine, la moschea di Karaouine, il museo di Mouly Idriss. Il pranzo \u00e8 servito alla Medina (la citt\u00e0 vecchia). Nel pomeriggio si visita Fes El-Jedid, il Palazzo Reale, la Scuola del Corano, il quartiere ebraico e il Souk. Si prosegue verso il Riad in Medina per la cena e il pernottamento.<\/p>\n<h4>Giorno 4: Fes &#8211; Ifrane &#8211; Midelt &#8211; Rissani &#8211; Merzouga (escursione in cammello e pernottamento in un campo nel deserto)<\/h4>\n<p>Al mattino, partiamo in direzione sud attraverso le montagne del Medio Atlante; passiamo a Marrakech attraverso le foreste di cedri di Azrou, i villaggi berberi e proseguiamo per il deserto del Sahara. A met\u00e0 strada facciamo una pausa per il pranzo nella citt\u00e0 di Midelt, famosa per i suoi fossili e minerali. Continuiamo il nostro viaggio attraverso le montagne e godiamo della splendida vista della Valle dello Ziz con i suoi palmeti e le sue Kasbah. Verso le 16:00 arriviamo a Merzouga, dove \u00e8 possibile fare un&#8217;escursione a dorso di cammello nel deserto. Per cena, vi verr\u00e0 servito un tradizionale Tagine berbero. Trascorrerete la notte in una tenda berbera sotto il cielo stellato.<\/p>\n<p>da tangeri a marrakechGiorno 5: Merzouga &#8211; Gola di Todra &#8211; Valle delle Rose -Ouarzazate<br \/>\nCi svegliamo presto al mattino per vedere un&#8217;alba spettacolare sulle dune e torniamo in hotel per la colazione e una doccia veloce. Poi ci dirigiamo verso Ouarzazate passando per Tinghir. Poco prima di Tinghir giriamo a destra per visitare le Gole del Todra. Prima di raggiungere Ouarzazate attraversiamo Kalaat Magouna e la Valle delle Rose. Ceniamo e pernottiamo a Ouarzazate.<\/p>\n<h4>6\u00b0 giorno: Ouarzazate &#8211; Kasbah A\u00eft Ben Haddou &#8211; Marrakeshtangier a Marrakech<\/h4>\n<p>Dopo la prima colazione partiamo per le montagne dell&#8217;Atlante attraverso Ouarzazate. Passiamo per la Valle Rosa e le Oasi di Skoura. Visitiamo il famoso studio cinematografico dell&#8217;Atlante e la pi\u00f9 bella Kasbah del Marocco, la Kasbah A\u00eft Ben Haddou &#8211; patrimonio mondiale dell&#8217;Unesco &#8211; e proseguiamo per Marrakech. Cena e pernottamento a Marrakesh.<\/p>\n<h4>7\u00b0 giorno: Marrakesh<\/h4>\n<p>Oggi imparerete a conoscere la citt\u00e0 di Marrakesh, perla del Sud. Dopo la colazione, visiterete, sotto la guida di un accompagnatore di lingua francese\/inglese, la moschea della Koutoubia, il Palazzo della Bahia e la Menara. Nel pomeriggio visiterete la piazza Jemaa-El-Fna (il cuore pulsante di Marrakech) e i vicoli colorati e profumati del Souk. La cena \u00e8 servita a Jemaa-El-Fna.<\/p>\n<h4>8\u00b0 giorno: Marrakesh \/ Fine del tour<\/h4>\n<p>Trasferimento all&#8217;aeroporto di Marrakech o di Casablanca, a seconda del decollo del volo.<\/p>\n","protected":false},"excerpt":{"rendered":"<p>Giorno 1: Tanger &#8211; Tetauan &#8211; Chefchaouen Da Tangeri a MarrakechPrendiamo la macchina dall&#8217;aeroporto, dal traghetto o dal vostro alloggio. Attraversiamo le montagne del Rif e<span class=\"excerpt-hellip\"> [\u2026]<\/span><\/p>\n","protected":false},"author":1,"featured_media":0,"parent":0,"menu_order":0,"comment_status":"closed","ping_status":"closed","template":"","meta":{"ngg_post_thumbnail":0},"_links":{"self":[{"href":"https:\/\/deafmoroccotours.com\/it\/wp-json\/wp\/v2\/pages\/150"}],"collection":[{"href":"https:\/\/deafmoroccotours.com\/it\/wp-json\/wp\/v2\/pages"}],"about":[{"href":"https:\/\/deafmoroccotours.com\/it\/wp-json\/wp\/v2\/types\/page"}],"author":[{"embeddable":true,"href":"https:\/\/deafmoroccotours.com\/it\/wp-json\/wp\/v2\/users\/1"}],"replies":[{"embeddable":true,"href":"https:\/\/deafmoroccotours.com\/it\/wp-json\/wp\/v2\/comments?post=150"}],"version-history":[{"count":5,"href":"https:\/\/deafmoroccotours.com\/it\/wp-json\/wp\/v2\/pages\/150\/revisions"}],"predecessor-version":[{"id":377,"href":"https:\/\/deafmoroccotours.com\/it\/wp-json\/wp\/v2\/pages\/150\/revisions\/377"}],"wp:attachment":[{"href":"https:\/\/deafmoroccotours.com\/it\/wp-json\/wp\/v2\/media?parent=150"}],"curies":[{"name":"wp","href":"https:\/\/api.w.org\/{rel}","templated":true}]}}