{"id":153,"date":"2019-09-27T17:31:42","date_gmt":"2019-09-27T17:31:42","guid":{"rendered":"https:\/\/deafmoroccotours.com\/wp\/?page_id=153"},"modified":"2022-08-29T15:09:17","modified_gmt":"2022-08-29T15:09:17","slug":"9-giorni-da-tanger-avventura-del-nord","status":"publish","type":"page","link":"https:\/\/deafmoroccotours.com\/it\/9-giorni-da-tanger-avventura-del-nord\/","title":{"rendered":"9 giorni da Tanger avventura del Nord"},"content":{"rendered":"<h4>Giorno 1 Tanger<\/h4>\n<p>Sia che arriviate in nave o in aereo, vi aspetteremo per trasferirvi nella citt\u00e0 di TANGER presso l&#8217;hotel in cui alloggiate.<br \/>\nLa citt\u00e0 si trova all&#8217;estremit\u00e0 occidentale dello Stretto di Gibilterra.<br \/>\nCome tutte le citt\u00e0 del Marocco, \u00e8 divisa in quartiere antico (medina) e in ville nouvelle.<br \/>\nLa medina murata di TANGER contiene tutti gli elementi del vecchio quartiere delle citt\u00e0 marocchine, ma con un certo tocco cosmopolita. Camminare \u00e8 un&#8217;esperienza affascinante. Nella zona pi\u00f9 alta si trova l&#8217;antica Kasbah.<br \/>\nPotrete passeggiare nel grande souk e nella piazza del 9 aprile 1947, e nel parco della Mendubia, nel cui giardino troverete draghi centenari e una collezione di cannoni SXVII della flotta spagnola e portoghese.<br \/>\nC&#8217;\u00e8 molto da vedere in questa citt\u00e0, che ha avuto numerose incursioni nel corso della storia: fenici, greci, romani, vandali, bizantini, berberi, arabi, fatimidi, almoravidi, almohades, merinidi, portoghesi, spagnoli, inglesi, francesi e sicuramente marocchini. Tutti hanno lasciato un ricordo.<\/p>\n<h4>Giorno 2 Cabo Espartel<\/h4>\n<p>Dopo la colazione, si pu\u00f2 visitare la citt\u00e0 di TANGER. Le sue moschee, la sua madraza, la sua chiesa cattolica, &#8230; per rilassarsi nella terrazza situata a Bab el Bahr (Porta del Mare) dove si potr\u00e0 contemplare un&#8217;ampia vista di TANGER e del mare.<br \/>\nPranzeremo a TANGER.<br \/>\nNel pomeriggio, andremo a Capo Esparthel. Prima di arrivare, passeremo davanti al palazzo estivo del re Hassan II, una zona residenziale dove le case sono circondate da una grande vegetazione. Ci fermeremo al punto panoramico di Perdicaris, da cui si gode di una magnifica vista.<br \/>\nSe il tempo lo permette, si pu\u00f2 fare il bagno a Robinson Beach.<br \/>\nVisiteremo le Grotte di Ercole: queste grotte erano abitate fin dalla preistoria. L&#8217;azione della natura ha prodotto una moltitudine di erosioni di forma circolare e con una curiosa finestra verso il mare che ricorda la sagoma del continente africano.<br \/>\nA circa 200 metri dalle grotte, si trova la citt\u00e0 romana di Cotta, con resti di un tempio, di alcune terme e di una fabbrica di garum (la salsa di pesce che consumava i romani) e che costituiva il pilastro fondamentale dell&#8217;economia della citt\u00e0 in quel periodo.<br \/>\nCi fermeremo per ammirare il tramonto.<br \/>\nRientro a TANGER, cena e pernottamento in hotel.<\/p>\n<h4>Giorno 3 Tetouan &#8211; Chefchaouen<\/h4>\n<p>Al mattino ci recheremo a TETOUAN, percorrendo la strada costiera fino a CEUTA.<br \/>\nAvremo una bella vista sul mare, ci fermeremo per salire sul Jebel Musa, di fronte alla Rocca di Gibilterra.<br \/>\nVedremo il Rif come sfondo, la citt\u00e0 di TETOUAN con le sue case bianche che si arrampicano sulla collina. La citt\u00e0 ha un tocco andaluso, poich\u00e9 \u00e8 stata costruita dagli spagnoli.<br \/>\nQui ci fermeremo per il pranzo e visiteremo i luoghi pi\u00f9 belli di questa medina, come la piazza Hassan II, il Palazzo Reale, la Grande Moschea e, naturalmente, i souk.<br \/>\nSeguendo il percorso, ci fermeremo al porto di pesca di CABO NEGRO.<br \/>\nIn serata arriveremo a CHEFCHAUEN, dove alloggeremo in hotel.<\/p>\n<h4>Giorno 4 Chefchaouen<\/h4>\n<p>Ci sono pochi luoghi al mondo cos\u00ec carismatici e seducenti come la citt\u00e0 di CHEFCHAUEN.<br \/>\nLa citt\u00e0 \u00e8 protetta dal mondo reale dalle imponenti mura del Rif. Le sue case e le sue strade sono dipinte di blu. Lo spirito calmo e allegro \u00e8 presente in tutta la citt\u00e0 e in ogni suo angolo magico.<br \/>\nRimarremo tutto il giorno e la notte a CHAUEN. Passeggiare per questa citt\u00e0 a qualsiasi ora del giorno e della notte \u00e8 una grande avventura visiva.<\/p>\n<h4>Giorno 5 Le montagne del Rif-Fez<\/h4>\n<p>Partiremo in direzione di FEZ, attraversando le montagne del Rif.<br \/>\nAttraverseremo gran parte di questa vasta catena montuosa.<br \/>\nIl paesaggio \u00e8 davvero sorprendente, con foreste di querce, querce da sughero, cedri e alberi da frutto.<br \/>\nIn valli nascoste troveremo grandi piantagioni di hashish.<br \/>\nCi fermeremo lungo la strada per pranzare e la sera arriveremo a FEZ.<\/p>\n<h4>6\u00b0 giorno Fez<\/h4>\n<p>Dopo la colazione, visiteremo FEZ.<br \/>\nFEZ, una citt\u00e0 piena di mistero e magnificenza, \u00e8 la medina medievale pi\u00f9 completa del mondo arabo, che custodisce monumenti di fama mondiale, migliaia di strade tortuose e centinaia di palazzi e dimore. L&#8217;UNESCO ha dichiarato FEZ, Patrimonio dell&#8217;Umanit\u00e0.<br \/>\nVisiteremo, tra l&#8217;altro, la madrasa Attarine, la moschea Karaouine, i conciatori, le tombe Meridines e i souk.<br \/>\nPasseremo tutto il giorno a FEZ e anche la notte. Vedrete che ne vale la pena.<\/p>\n<h4>Giorno 7 Meknes<\/h4>\n<p>Dopo la prima colazione, ci trasferiremo nella citt\u00e0 di MEKNES.<br \/>\nVisiteremo MEKNES. Citt\u00e0 molto tranquilla, molto bella e divisa nella ville nouvelle costruita dai francesi e nella parte vecchia dove si trovano la medina e la ville imperiale di Mulay Ismail.<br \/>\nMEKNES \u00e8 stata la capitale del Marocco durante i 55 anni di governo del sultano Mulay Ismail.<br \/>\nVisiteremo la medina, la porta Bab Mansour, la piazza Jedim, la Grande Moschea, la Madrasa Bou Inania e il Mausoleo di Mulay Ismail; naturalmente faremo un giro nei souk.<br \/>\nDopo pranzo, ci recheremo a VOLUP. \u00c8 il sito archeologico pi\u00f9 importante del Paese. Al giorno d&#8217;oggi, VOLUCABILIS permette come pochi luoghi al mondo di immaginare in dettaglio la vita dei Romani.<br \/>\nLa sera dormiremo a MEKNES in un hotel di vostra scelta.<\/p>\n<h4>Giorno 8 Ritorno a Tanger<\/h4>\n<p>Attraverseremo nuovamente le montagne del Rif in direzione di TANGER.<br \/>\nLungo la strada ci fermeremo per il pranzo a KSAR-EL KABIR.<br \/>\nLa sera saremo a Tangeri.<br \/>\nAvrete tempo per perdervi in questa grande citt\u00e0 mediterranea.<\/p>\n<h4>9\u00b0 giorno Tanger<\/h4>\n<p>Dopo una deliziosa colazione, vi accompagneremo all&#8217;aeroporto o al porto e &#8230;.<br \/>\n.a presto ragazzi&#8230;.!<\/p>\n","protected":false},"excerpt":{"rendered":"<p>Giorno 1 Tanger Sia che arriviate in nave o in aereo, vi aspetteremo per trasferirvi nella citt\u00e0 di TANGER presso l&#8217;hotel in cui alloggiate. La citt\u00e0<span class=\"excerpt-hellip\"> [\u2026]<\/span><\/p>\n","protected":false},"author":1,"featured_media":0,"parent":0,"menu_order":0,"comment_status":"closed","ping_status":"closed","template":"","meta":{"ngg_post_thumbnail":0},"_links":{"self":[{"href":"https:\/\/deafmoroccotours.com\/it\/wp-json\/wp\/v2\/pages\/153"}],"collection":[{"href":"https:\/\/deafmoroccotours.com\/it\/wp-json\/wp\/v2\/pages"}],"about":[{"href":"https:\/\/deafmoroccotours.com\/it\/wp-json\/wp\/v2\/types\/page"}],"author":[{"embeddable":true,"href":"https:\/\/deafmoroccotours.com\/it\/wp-json\/wp\/v2\/users\/1"}],"replies":[{"embeddable":true,"href":"https:\/\/deafmoroccotours.com\/it\/wp-json\/wp\/v2\/comments?post=153"}],"version-history":[{"count":5,"href":"https:\/\/deafmoroccotours.com\/it\/wp-json\/wp\/v2\/pages\/153\/revisions"}],"predecessor-version":[{"id":373,"href":"https:\/\/deafmoroccotours.com\/it\/wp-json\/wp\/v2\/pages\/153\/revisions\/373"}],"wp:attachment":[{"href":"https:\/\/deafmoroccotours.com\/it\/wp-json\/wp\/v2\/media?parent=153"}],"curies":[{"name":"wp","href":"https:\/\/api.w.org\/{rel}","templated":true}]}}