{"id":155,"date":"2019-09-27T17:32:40","date_gmt":"2019-09-27T17:32:40","guid":{"rendered":"https:\/\/deafmoroccotours.com\/wp\/?page_id=155"},"modified":"2022-08-29T15:05:58","modified_gmt":"2022-08-29T15:05:58","slug":"10-giorni-da-tangeri-a-fes-e-al-deserto-di-merzouga","status":"publish","type":"page","link":"https:\/\/deafmoroccotours.com\/it\/10-giorni-da-tangeri-a-fes-e-al-deserto-di-merzouga\/","title":{"rendered":"10 giorni da Tangeri a F\u00e8s e al deserto di Merzouga"},"content":{"rendered":"<h4>GIORNO 1: TANGERI &#8211; CHEFCHAOUEN &#8211; F\u00c8S<\/h4>\n<p>Arrivo al porto o all&#8217;aeroporto di Tangeri, incontro e partenza con l&#8217;autista\/guida in direzione di Chefchaouen attraversando le montagne del Rif e la citt\u00e0 di Tetouan. Arrivo a Chefchaouen per una breve visita. Chefchaouen \u00e8 chiamata la &#8220;Perla Blu&#8221; perch\u00e9 tutti gli edifici, le porte, le finestre, le fontane e le strade sono dipinte in diverse tonalit\u00e0 di blu. La citt\u00e0 \u00e8 stata considerata sacra per secoli ed era addirittura vietato l&#8217;ingresso agli stranieri. Solo recentemente, negli anni &#8217;50, le cose sono cambiate e la citt\u00e0 \u00e8 diventata una meta turistica che pochi conoscono. La medina \u00e8 un labirinto di strade strette e colorate di blu e il motivo \u00e8 puramente religioso e non estetico. Abitata da popolazioni berbere, fu fondata da spagnoli provenienti dall&#8217;Andalusia, motivo per cui la parte antica della citt\u00e0 assomiglia ai villaggi andalusi con strade strette e muri pieni di fiori. La maggior parte dei suoi abitanti parla ancora oggi spagnolo. Nel centro della citt\u00e0 vecchia si trova la piazza Outa-el-Hammam, dove si trova la Moschea di Tarik-Ben-Ziad, che nasconde un minareto di ispirazione ottagonale ispirato alla Torre de Oro di Siviglia e una splendida fortezza. La citt\u00e0 nuova \u00e8 costruita pi\u00f9 in basso. Arrivo in serata a F\u00e8s. Cena e pernottamento in riad\/hotel.<\/p>\n<h4>GIORNO 2: F\u00c8S<\/h4>\n<p>F\u00e8s \u00e8 considerata la vera roccaforte della cultura e dell&#8217;identit\u00e0 del Marocco, situata in fondo a una fertile valle a circa 350 m sul livello del mare. La citt\u00e0 vecchia, con i suoi mercati e le sue moschee, \u00e8 considerata uno dei centri pi\u00f9 attraenti dell&#8217;intero mondo islamico. Tra le principali citt\u00e0 del Marocco, F\u00e8s \u00e8 la pi\u00f9 antica delle quattro citt\u00e0 imperiali e deve questo prestigio alla sua secolare prevalenza politica e all&#8217;importanza della sua antica universit\u00e0 sulla cultura e sull&#8217;arte. Dopo la prima colazione partenza con la guida ufficiale e l&#8217;autista per la scoperta della citt\u00e0, F\u00e8s si divide in Citt\u00e0 Nuova, ovvero la citt\u00e0 imperiale costruita a partire dal 1200 dove si trovano la stazione, il Palazzo Reale e il quartiere ebraico, la Citt\u00e0 Vecchia o Medina, la parte murata pi\u00f9 antica di F\u00e8s, un vero e proprio labirinto di stradine con mercati di ogni genere e la Ville Nouvelle, la zona dove si trovano ristoranti, bar, caff\u00e8 e librerie. Visiteremo la Madrasa Bou Inania, la Moschea Al Karaouine (chiusa ai non musulmani), la Medersa Attarine, la piazza Najjarine famosa per la sua magnifica fontana decorata con mosaici, il Mausoleo di Moulay Idriss e le tombe dei Merenidi, per poi raggiungere le famose concerie di F\u00e8s e visitare una fabbrica di ceramiche. Rientro nel pomeriggio. Cena e pernottamento in riad\/hotel.<\/p>\n<h4>GIORNO 3: F\u00c8S &#8211; IFRANE &#8211; VALLE DELLO ZIZ &#8211; MERZOUGA<\/h4>\n<p>Dopo la prima colazione partenza con l&#8217;autista\/guida dal vostro riad\/hotel di F\u00e8s in direzione di Merzouga passando per Azrou dove si possono vedere le scimmie di Barberia che abitano le lussureggianti foreste di cedri e querce, per poi proseguire verso Ifrane, soprannominata la &#8220;Piccola Svizzera&#8221;, situata a oltre 1700 m di altitudine e attraversare la Valle dello Ziz. Arrivo nel pomeriggio nel villaggio di Merzouga per una breve sosta nel riad\/hotel. Prima del tramonto, partenza a dorso di dromedario per raggiungere le tende berbere, chiamate anche &#8220;Haima&#8221;, dove verr\u00e0 servita la cena sotto le stelle e dove si ascolter\u00e0 la musica tradizionale berbera suonata con le percussioni. Pernottamento al campo tendato.<\/p>\n<h4>GIORNO 4: MERZOUGA &#8211; ERFOUD &#8211; GOLE DEL TODRA &#8211; DAD\u00c8S<\/h4>\n<p>Sveglia all&#8217;alba per assistere al sorgere del sole in mezzo alle dune, ritorno a dorso di dromedario al riad dove sar\u00e0 servita la colazione e potrete fare una doccia calda. Dopo una breve sosta, partenza in direzione di Erfoud, situata alle porte del deserto, chiamata anche la citt\u00e0 dei fossili, per il territorio ricco di pietre fossili. Il viaggio proseguir\u00e0 verso le Gole del Todra per arrivare alla Valle del Dad\u00e8s. Cena e pernottamento in riad\/hotel.<\/p>\n<h4>5\u00b0 GIORNO: DAD\u00c8S &#8211; OUARZAZATE &#8211; AIT-BEN-HADDOU &#8211; MARRAKECH<\/h4>\n<p>Dopo la prima colazione si parte per la Valle del Dad\u00e8s, attraversando la Valle delle Rose, famosa per la coltivazione della rosa damascena da cui si estrae l&#8217;essenza per la produzione di molti cosmetici. Visiteremo le Gole del Dades. Il viaggio proseguir\u00e0 in direzione di Ouarzazate, situata nella valle del Dades, ampliata negli anni Venti dai francesi come centro militare e amministrativo. Nei pressi della citt\u00e0 si trovano gli Atlas Film Corporation Studios, la &#8220;Cinecitt\u00e0&#8221; del Marocco, dove sono stati e sono tuttora girati numerosi film ambientati nel deserto. Proseguiremo poi verso nord, in direzione di Marrakech, passando per la kasbah di Ait-Ben-Haddou, dichiarata Patrimonio dell&#8217;Umanit\u00e0 dall&#8217;Unesco, dove effettueremo una breve visita, per poi proseguire il viaggio attraverso le montagne del Grande Atlante fino al Tizi. n&#8217;Tichka a 2.260 m (il passo pi\u00f9 alto dell&#8217;Atlante). Arrivo in serata a Marrakech. Cena libera. Pernottamento in riad\/hotel.<\/p>\n<h4>GIORNO 6: MARRAKECH<\/h4>\n<p>Una delle principali citt\u00e0 del Marocco, Marrakech \u00e8 la pi\u00f9 importante delle quattro citt\u00e0 imperiali e si trova ai piedi della catena montuosa dell&#8217;Atlante. Dopo la prima colazione partenza con la guida ufficiale e l&#8217;autista per la scoperta della citt\u00e0 conosciuta anche come &#8220;Perla del Sud&#8221; e &#8220;Citt\u00e0 rossa o ocra&#8221; per le mura rosse che la circondano e per i vari edifici di questo colore costruiti nello stesso periodo con pietre rosse e sabbia. Visita al Palazzo Bahia, al Palazzo El Badi, alle Tombe Saadien, all&#8217;antica scuola coranica di Ben Youssef, ai Giardini della Menara, alla Moschea e al Minareto della Koutoubia. Breve sosta per il pranzo e un t\u00e8 alla menta in una delle terrazze che si affacciano sulla piazza Jemaa el-Fna, proseguimento per la Moschea e il Minareto della Koutoubia, i Giardini Majorelle con la possibilit\u00e0 di visitare il nuovo museo appena inaugurato, dedicato a Yves Saint Laurent. Rientro nel pomeriggio al vostro riad\/hotel. Cena libera. Pernottamento in riad\/hotel.<\/p>\n<h4>7\u00b0 GIORNO: MARRAKECH &#8211; ESSAOUIRA<\/h4>\n<p>Dopo la prima colazione partenza con l&#8217;autista per la citt\u00e0 balneare di Essaouira, originariamente chiamata Mogador, che dista circa 190 km da Marrakech. Giornata libera a disposizione. La citt\u00e0 \u00e8 famosa soprattutto per la sua Medina sul mare, iscritta dall&#8217;UNESCO nell&#8217;elenco dei siti Patrimonio dell&#8217;Umanit\u00e0. La sua fortezza, le mura bianche, il relax degli abitanti, le botteghe artigiane rendono questa citt\u00e0 unica e dal sapore europeo. La sua costa \u00e8 spazzata quasi tutto l&#8217;anno dalle brezze oceaniche, gli alisei, e sono molti gli amanti del windsurf e del kitesurf che la raggiungono. Vi consigliamo di visitare la zona dei souk, di non perdere il porto di Essaouira dove potrete vedere i cantieri navali, l&#8217;andirivieni dei pescherecci e il molo che si trasforma in un mercato del pesce al ritorno dei pescatori. Da non perdere il pranzo vicino al porto per gustare il pesce appena pescato. Cena libera. Pernottamento in riad\/hotel.<\/p>\n<h4>8\u00b0 GIORNO: ESSAOUIRA &#8211; RABAT<\/h4>\n<p>Dopo la prima colazione partenza in direzione di Rabat. Rabat \u00e8 la capitale del Marocco ed \u00e8 una citt\u00e0 moderna che si affaccia sull&#8217;Oceano Atlantico. Oltre a essere la sede del governo, \u00e8 il principale centro della cucina e dell&#8217;architettura marocchina. Dopo Casablanca, Rabat \u00e8 la citt\u00e0 pi\u00f9 grande del Paese. La medina \u00e8 pittoresca e caratterizzata da vicoli stretti e acciottolati, gallerie d&#8217;arte e negozi di artigianato locale. Consigliamo per una breve visita la Torre Hassan, un minareto che un tempo faceva parte dell&#8217;omonima moschea che avrebbe dovuto essere la pi\u00f9 alta del mondo ma che non fu mai terminata perch\u00e9 distrutta nel 1755 a seguito di un forte terremoto che ebbe l&#8217;epicentro a Lisbona. Della moschea rimangono oggi le basi delle colonne. Il minareto isolato \u00e8 alto 44 metri e ricorda la famosa torre Giralda di Siviglia. Di fronte si trova il Mausoleo di Mohammed V che ospita le spoglie del re del Marocco e dei suoi due figli, il re Hassan II e il principe Abdullah. pernottamento in riad\/hotel. Cena libera. Pernottamento in riad\/hotel.<\/p>\n<h4>9\u00b0 GIORNO: RABAT &#8211; ASILAH<\/h4>\n<p>Dopo la prima colazione partenza in direzione di Asilah, la citt\u00e0 fortificata sulla punta nord-occidentale del Marocco, 42 km a sud di Tangeri. Fu probabilmente costruita dai Fenici come porto commerciale intorno al 1500 a.C.. La citt\u00e0 ha l&#8217;aspetto di una citt\u00e0 greca dell&#8217;Egeo ed \u00e8 una bella localit\u00e0 turistica con edifici bianchi. Si possono ammirare i bastioni portoghesi, le antiche porte, le strade fiorite della medina e vari edifici in stile islamico e andaluso. Asilah \u00e8 anche famosa per le sue lunghe spiagge di sabbia fine e dorata. Cena libera. Pernottamento in riad\/hotel.<\/p>\n<h4>10\u00b0 GIORNO: ASILAH &#8211; TANGERI<\/h4>\n<p>Dopo la prima colazione partenza in direzione di Tangeri e fine del nostro servizio.<\/p>\n","protected":false},"excerpt":{"rendered":"<p>GIORNO 1: TANGERI &#8211; CHEFCHAOUEN &#8211; F\u00c8S Arrivo al porto o all&#8217;aeroporto di Tangeri, incontro e partenza con l&#8217;autista\/guida in direzione di Chefchaouen attraversando le montagne<span class=\"excerpt-hellip\"> [\u2026]<\/span><\/p>\n","protected":false},"author":1,"featured_media":0,"parent":0,"menu_order":0,"comment_status":"closed","ping_status":"closed","template":"","meta":{"ngg_post_thumbnail":0},"_links":{"self":[{"href":"https:\/\/deafmoroccotours.com\/it\/wp-json\/wp\/v2\/pages\/155"}],"collection":[{"href":"https:\/\/deafmoroccotours.com\/it\/wp-json\/wp\/v2\/pages"}],"about":[{"href":"https:\/\/deafmoroccotours.com\/it\/wp-json\/wp\/v2\/types\/page"}],"author":[{"embeddable":true,"href":"https:\/\/deafmoroccotours.com\/it\/wp-json\/wp\/v2\/users\/1"}],"replies":[{"embeddable":true,"href":"https:\/\/deafmoroccotours.com\/it\/wp-json\/wp\/v2\/comments?post=155"}],"version-history":[{"count":5,"href":"https:\/\/deafmoroccotours.com\/it\/wp-json\/wp\/v2\/pages\/155\/revisions"}],"predecessor-version":[{"id":367,"href":"https:\/\/deafmoroccotours.com\/it\/wp-json\/wp\/v2\/pages\/155\/revisions\/367"}],"wp:attachment":[{"href":"https:\/\/deafmoroccotours.com\/it\/wp-json\/wp\/v2\/media?parent=155"}],"curies":[{"name":"wp","href":"https:\/\/api.w.org\/{rel}","templated":true}]}}