{"id":157,"date":"2019-09-27T17:34:57","date_gmt":"2019-09-27T17:34:57","guid":{"rendered":"https:\/\/deafmoroccotours.com\/wp\/?page_id=157"},"modified":"2022-08-29T15:12:35","modified_gmt":"2022-08-29T15:12:35","slug":"una-notte-a-dorso-di-cammello-nel-sahara-erg-chebbi","status":"publish","type":"page","link":"https:\/\/deafmoroccotours.com\/it\/una-notte-a-dorso-di-cammello-nel-sahara-erg-chebbi\/","title":{"rendered":"Una notte a dorso di cammello nel Sahara Erg Chebbi"},"content":{"rendered":"<p>Una notte a dorso di cammello nel deserto del Sahara Erg Chebbi Trekking notturno a dorso di cammello in Marocco<br \/>\nQuesto trekking a cammello in Marocco inizia la sera. Organizziamo il giro in cammello per la notte nel deserto dal vostro hotel vicino alle dune di sabbia. I cammelli saranno equipaggiati con cibo, coperte e tutto il necessario per il nostro viaggio. Questo trekking nel deserto durer\u00e0 1,30 ore.<\/p>\n<p>Passeremo la notte in un campo attrezzato con musica di tamburi nel mezzo del Sahara marocchino. Sar\u00e0 un&#8217;ottima occasione per scattare belle foto del tramonto e dell&#8217;alba nel deserto; una volta arrivati al campo, cammineremo fino alle alte dune per ammirare il tramonto. Sar\u00e0 una notte magica quando il cielo sar\u00e0 limpido e potremo osservare le stelle. Durante questa notte, ci sar\u00e0 la cena intorno al fuoco e passeremo la notte nelle tende dei nomadi.<\/p>\n<p>Al mattino si torna a Merzouga in groppa ai cammelli; si fa colazione e si fa la doccia nell&#8217;hotel di Merzouga Erg Chebbi.<\/p>\n","protected":false},"excerpt":{"rendered":"<p>Una notte a dorso di cammello nel deserto del Sahara Erg Chebbi Trekking notturno a dorso di cammello in Marocco Questo trekking a cammello in Marocco<span class=\"excerpt-hellip\"> [\u2026]<\/span><\/p>\n","protected":false},"author":1,"featured_media":0,"parent":0,"menu_order":0,"comment_status":"closed","ping_status":"closed","template":"","meta":{"ngg_post_thumbnail":0},"_links":{"self":[{"href":"https:\/\/deafmoroccotours.com\/it\/wp-json\/wp\/v2\/pages\/157"}],"collection":[{"href":"https:\/\/deafmoroccotours.com\/it\/wp-json\/wp\/v2\/pages"}],"about":[{"href":"https:\/\/deafmoroccotours.com\/it\/wp-json\/wp\/v2\/types\/page"}],"author":[{"embeddable":true,"href":"https:\/\/deafmoroccotours.com\/it\/wp-json\/wp\/v2\/users\/1"}],"replies":[{"embeddable":true,"href":"https:\/\/deafmoroccotours.com\/it\/wp-json\/wp\/v2\/comments?post=157"}],"version-history":[{"count":2,"href":"https:\/\/deafmoroccotours.com\/it\/wp-json\/wp\/v2\/pages\/157\/revisions"}],"predecessor-version":[{"id":346,"href":"https:\/\/deafmoroccotours.com\/it\/wp-json\/wp\/v2\/pages\/157\/revisions\/346"}],"wp:attachment":[{"href":"https:\/\/deafmoroccotours.com\/it\/wp-json\/wp\/v2\/media?parent=157"}],"curies":[{"name":"wp","href":"https:\/\/api.w.org\/{rel}","templated":true}]}}