{"id":159,"date":"2019-09-27T17:37:48","date_gmt":"2019-09-27T17:37:48","guid":{"rendered":"https:\/\/deafmoroccotours.com\/wp\/?page_id=159"},"modified":"2022-08-29T15:05:27","modified_gmt":"2022-08-29T15:05:27","slug":"2-notti-di-trekking-a-cammello-nel-deserto-dellerg-chebbi","status":"publish","type":"page","link":"https:\/\/deafmoroccotours.com\/it\/2-notti-di-trekking-a-cammello-nel-deserto-dellerg-chebbi\/","title":{"rendered":"2 notti di trekking a cammello nel deserto dell&#8217;Erg Chebbi"},"content":{"rendered":"<p>Questo viaggio inizier\u00e0 la sera e organizzeremo il viaggio in cammello per la notte nel deserto partendo da un hotel vicino alle dune di sabbia. I nostri cammelli saranno carichi di cibo, coperte e tutto ci\u00f2 che \u00e8 importante per il nostro viaggio. Il trekking inizier\u00e0 proprio nel deserto e durer\u00e0 1,30 ore.<\/p>\n<p>Passeremo la notte in un campo attrezzato con musica di tamburi nel mezzo del Sahara. Questa \u00e8 una grande opportunit\u00e0 per scattare foto perfette del tramonto e dell&#8217;alba, quando arriviamo al campo camminiamo verso le alte dune per vedere il tramonto. Sar\u00e0 una grande notte quando il cielo sar\u00e0 limpido e le stelle brilleranno con intensit\u00e0.<\/p>\n<p>Durante questa prima notte, ceneremo intorno a un fal\u00f2 e passeremo la notte in tende berbere. Il giorno successivo, al mattino, dopo la colazione nel campo, cavalcheremo i cammelli per visitare e pranzare con le popolazioni nomadi. Dopo esserci rilassati, torneremo in groppa ai cammelli verso un altro accampamento berbero; una volta raggiunto l&#8217;accampamento, lasceremo i cammelli e prenderemo le tavole da sabbia per raggiungere le alte dune di sabbia proprio vicino all&#8217;accampamento dopo il tramonto. Il giorno successivo, al mattino, torneremo a cavallo dei cammelli dopo l&#8217;alba e faremo la doccia e la colazione nell&#8217;hotel di Merzouga.<\/p>\n","protected":false},"excerpt":{"rendered":"<p>Questo viaggio inizier\u00e0 la sera e organizzeremo il viaggio in cammello per la notte nel deserto partendo da un hotel vicino alle dune di sabbia. I<span class=\"excerpt-hellip\"> [\u2026]<\/span><\/p>\n","protected":false},"author":1,"featured_media":0,"parent":0,"menu_order":0,"comment_status":"closed","ping_status":"closed","template":"","meta":{"ngg_post_thumbnail":0},"_links":{"self":[{"href":"https:\/\/deafmoroccotours.com\/it\/wp-json\/wp\/v2\/pages\/159"}],"collection":[{"href":"https:\/\/deafmoroccotours.com\/it\/wp-json\/wp\/v2\/pages"}],"about":[{"href":"https:\/\/deafmoroccotours.com\/it\/wp-json\/wp\/v2\/types\/page"}],"author":[{"embeddable":true,"href":"https:\/\/deafmoroccotours.com\/it\/wp-json\/wp\/v2\/users\/1"}],"replies":[{"embeddable":true,"href":"https:\/\/deafmoroccotours.com\/it\/wp-json\/wp\/v2\/comments?post=159"}],"version-history":[{"count":3,"href":"https:\/\/deafmoroccotours.com\/it\/wp-json\/wp\/v2\/pages\/159\/revisions"}],"predecessor-version":[{"id":333,"href":"https:\/\/deafmoroccotours.com\/it\/wp-json\/wp\/v2\/pages\/159\/revisions\/333"}],"wp:attachment":[{"href":"https:\/\/deafmoroccotours.com\/it\/wp-json\/wp\/v2\/media?parent=159"}],"curies":[{"name":"wp","href":"https:\/\/api.w.org\/{rel}","templated":true}]}}