{"id":161,"date":"2019-09-27T17:42:58","date_gmt":"2019-09-27T17:42:58","guid":{"rendered":"https:\/\/deafmoroccotours.com\/wp\/?page_id=161"},"modified":"2022-08-29T15:12:39","modified_gmt":"2022-08-29T15:12:39","slug":"trekking-a-dorso-di-cammello-3-notti-nelle-dune-di-erg-chebbi","status":"publish","type":"page","link":"https:\/\/deafmoroccotours.com\/it\/trekking-a-dorso-di-cammello-3-notti-nelle-dune-di-erg-chebbi\/","title":{"rendered":"Trekking a dorso di cammello 3 notti nelle dune di Erg Chebbi"},"content":{"rendered":"<p>Questo viaggio inizia dopo un pranzo rilassante (a seconda dell&#8217;orario di arrivo). I nostri cammelli saranno imballati con cibo, coperte e tutto il necessario per il nostro viaggio. Il trekking inizia direttamente nel deserto. Il percorso ci condurr\u00e0 a una piccola oasi in mezzo alle dune. \u00c8 qui che trascorreremo la notte in una tenda nomade.<\/p>\n<p>Sar\u00e0 una notte davvero magica, quando il cielo sar\u00e0 limpido e coperto di stelle che brillano con intensit\u00e0. Durante la prima notte avremo una meravigliosa cena intorno al fuoco.<\/p>\n<p>Al mattino, dopo la colazione, ci dirigeremo per circa 2 ore verso la nostra prossima destinazione. Ci fermiamo per il pranzo accanto a un albero del deserto, il &#8220;Tamarisco&#8221;, per circa 1,5 ore. All&#8217;ombra di questo albero, consumeremo un gustoso pranzo nel deserto e poi ci dirigeremo verso la casa di una famiglia nomade con la quale trascorrerete la seconda notte e condividerete un po&#8217; di tempo con questa famiglia nomade. Il giorno successivo, dopo la colazione con i berberi, ci dirigeremo verso un&#8217;altra piccola oasi nel mezzo del deserto.<\/p>\n<p>Prima di raggiungere il campo ci fermeremo per un pranzo nel deserto. L&#8217;ultima (terza) notte sar\u00e0 trascorsa con una famiglia nomade berbera che vive in questa oasi. Durante la cena si terr\u00e0 una fantastica festa con musica di tamburi sotto le stelle nel deserto. Dopo la colazione torneremo al villaggio di Merzouga o al vostro riad\/hotel\/auberge.<\/p>\n","protected":false},"excerpt":{"rendered":"<p>Questo viaggio inizia dopo un pranzo rilassante (a seconda dell&#8217;orario di arrivo). I nostri cammelli saranno imballati con cibo, coperte e tutto il necessario per il<span class=\"excerpt-hellip\"> [\u2026]<\/span><\/p>\n","protected":false},"author":1,"featured_media":0,"parent":0,"menu_order":0,"comment_status":"closed","ping_status":"closed","template":"","meta":{"ngg_post_thumbnail":0},"_links":{"self":[{"href":"https:\/\/deafmoroccotours.com\/it\/wp-json\/wp\/v2\/pages\/161"}],"collection":[{"href":"https:\/\/deafmoroccotours.com\/it\/wp-json\/wp\/v2\/pages"}],"about":[{"href":"https:\/\/deafmoroccotours.com\/it\/wp-json\/wp\/v2\/types\/page"}],"author":[{"embeddable":true,"href":"https:\/\/deafmoroccotours.com\/it\/wp-json\/wp\/v2\/users\/1"}],"replies":[{"embeddable":true,"href":"https:\/\/deafmoroccotours.com\/it\/wp-json\/wp\/v2\/comments?post=161"}],"version-history":[{"count":2,"href":"https:\/\/deafmoroccotours.com\/it\/wp-json\/wp\/v2\/pages\/161\/revisions"}],"predecessor-version":[{"id":352,"href":"https:\/\/deafmoroccotours.com\/it\/wp-json\/wp\/v2\/pages\/161\/revisions\/352"}],"wp:attachment":[{"href":"https:\/\/deafmoroccotours.com\/it\/wp-json\/wp\/v2\/media?parent=161"}],"curies":[{"name":"wp","href":"https:\/\/api.w.org\/{rel}","templated":true}]}}