{"id":381,"date":"2024-09-26T13:41:12","date_gmt":"2024-09-26T13:41:12","guid":{"rendered":"https:\/\/deafmoroccotours.com\/it\/?page_id=381"},"modified":"2024-09-26T13:41:12","modified_gmt":"2024-09-26T13:41:12","slug":"15-giorni-in-marocco-da-marrakech","status":"publish","type":"page","link":"https:\/\/deafmoroccotours.com\/it\/15-giorni-in-marocco-da-marrakech\/","title":{"rendered":"15 giorni in Marocco da Marrakech"},"content":{"rendered":"<p>Viaggio di 15 giorni attraverso il Marocco: Da Marrakech al deserto, alle montagne e alla costa<\/p>\n<h4>Giorno 1: Arrivo a Marrakech<\/h4>\n<p>La vostra avventura inizia nella vibrante citt\u00e0 di Marrakech, dove atterrerete e vi sistemerete nel vostro alloggio. Trascorrete il pomeriggio esplorando la piazza Jemaa el-Fnaa e la Medina, perdendovi nei souk e godendo della vivace vita di strada. Non perdetevi la vista del tramonto sulla piazza con un t\u00e8 alla menta.<\/p>\n<h4>Giorno 2: Marrakech a Ouarzazate<\/h4>\n<p>Al mattino, iniziate il viaggio verso Ouarzazate attraverso lo splendido passo del Tizi n&#8217;Tichka nella catena montuosa dell&#8217;Atlante. Lungo il percorso, visitate la storica Ait Ben Haddou, patrimonio mondiale dell&#8217;UNESCO, nota per le sue iconiche kasbah. Ouarzazate, spesso chiamata la \u201cPorta del Sahara\u201d, \u00e8 famosa per i suoi studi cinematografici e per la Kasbah Taourirt.<\/p>\n<h4>Giorno 3: Ouarzazate alle Gole del Dades<\/h4>\n<p>Dirigetevi verso la Valle del Dades, spesso chiamata la \u201cValle delle mille Kasbah\u201d. Attraverserete pittoreschi villaggi berberi e valli piene di oasi. Le Gole del Dades offrono viste spettacolari, soprattutto al tramonto, quando le formazioni rocciose si illuminano di rosso e arancione.<\/p>\n<h4>Giorno 4: Da Dades alle Gole del Todra e Merzouga<\/h4>\n<p>Lasciate Dades alle spalle e dirigetevi verso le impressionanti Gole del Todra, note per le sue ripide e imponenti scogliere. Dopo una passeggiata attraverso le gole, proseguite il viaggio nel deserto e raggiungete Merzouga in serata. Qui vi preparerete per un&#8217;escursione a dorso di cammello tra le dune dell&#8217;Erg Chebbi, dove trascorrerete la notte in un accampamento nel deserto sotto le stelle.<\/p>\n<h4>5\u00b0 giorno: esplorazione del deserto di Merzouga<\/h4>\n<p>Sveglia presto per ammirare l&#8217;alba sulle dune, seguita dalla colazione al campo. Trascorrete la giornata esplorando il deserto, visitando una famiglia nomade locale e facendo un giro in 4\u00d74 tra le dune. In serata, godetevi un&#8217;altra notte tranquilla nel Sahara.<\/p>\n<h4>6\u00b0 giorno: Merzouga a Midelt<\/h4>\n<p>Iniziate il vostro viaggio verso nord in direzione di Midelt, una piccola citt\u00e0 incastonata tra il Medio Atlante e l&#8217;Alto Atlante. Lungo il percorso, attraverserete la Valle di Ziz, nota per i suoi palmeti lussureggianti e i suoi paesaggi mozzafiato. Midelt \u00e8 un luogo ideale per riposare e godere dell&#8217;aria fresca di montagna.<\/p>\n<h4>7\u00b0 giorno: da Midelt a Fes<\/h4>\n<p>Proseguimento per Fes, cuore culturale e spirituale del Marocco. Questa antica citt\u00e0 \u00e8 nota per la sua architettura medievale ben conservata e per i suoi vivaci souk. Trascorrete il pomeriggio esplorando la Medina di Fes, patrimonio mondiale dell&#8217;UNESCO, e visitate l&#8217;Universit\u00e0 Al Quaraouiyine, una delle pi\u00f9 antiche del mondo.<\/p>\n<h4>8\u00b0 giorno: esplorazione di Fes<\/h4>\n<p>Dedicate la giornata a immergervi completamente nelle meraviglie di Fes. Visitate la Madrasa Bou Inania, il Museo Dar Batha e la Conceria Chouara per assistere alle tradizionali tecniche di lavorazione del cuoio. Fes \u00e8 un labirinto di storia e cultura che aspetta di essere esplorato.<\/p>\n<h4>9\u00b0 giorno: da Fes a Chefchaouen<\/h4>\n<p>Lasciatevi alle spalle Fes e dirigetevi verso la citt\u00e0 di Chefchaouen, dipinta di blu e incastonata nelle montagne del Rif. Conosciuta per i suoi vicoli pittoreschi e le sue pareti blu vibranti, Chefchaouen \u00e8 il luogo perfetto per passeggiare, rilassarsi e scattare foto di questa citt\u00e0 fotogenica.<\/p>\n<h4>10\u00b0 giorno: Chefchaouen a Tangeri<\/h4>\n<p>Dopo una mattinata tranquilla a Chefchaouen, dirigetevi a Tangeri, situata all&#8217;estremit\u00e0 settentrionale del Marocco. Questa citt\u00e0 costiera \u00e8 stata a lungo una porta tra l&#8217;Africa e l&#8217;Europa. Visitate il Museo della Kasbah, esplorate il Grand Socco e godetevi la vista sullo Stretto di Gibilterra.<\/p>\n<h4>11\u00b0 giorno: Tangeri a Rabat<\/h4>\n<p>Proseguite lungo la costa atlantica fino a Rabat, la capitale del Marocco. A Rabat, esplorate la Torre Hassan, il Mausoleo di Mohammed V e passeggiate nei bellissimi Giardini Andalusi. Rabat \u00e8 una citt\u00e0 tranquilla con un intrigante mix di storia e modernit\u00e0.<\/p>\n<h4>12\u00b0 giorno: Rabat a Casablanca<\/h4>\n<p>Raggiungete Casablanca, la citt\u00e0 pi\u00f9 grande del Marocco e centro economico. Visitate la splendida Moschea di Hassan II, che vanta il minareto pi\u00f9 alto del mondo e si trova proprio sul bordo dell&#8217;Atlantico. Trascorrete la serata esplorando la vivace Corniche e godendo dell&#8217;atmosfera cosmopolita di Casablanca.<\/p>\n<h4>13\u00b0 giorno: Casablanca a Essaouira<\/h4>\n<p>Lasciate Casablanca e dirigetevi verso la citt\u00e0 costiera di Essaouira, nota per l&#8217;atmosfera rilassata, la medina storica e le splendide spiagge. Esplorate la Skala de la Ville, i bastioni e il vivace mercato del pesce. L&#8217;atmosfera rilassata di Essaouira la rende il luogo perfetto per rilassarsi.<\/p>\n<h4>14\u00b0 giorno: da Essaouira a Marrakech passando per la Valle dell&#8217;Ourika e Setti Fatma<\/h4>\n<p>Lasciate Essaouira presto e tornate verso Marrakech, fermandovi nella Valle dell&#8217;Ourika. Esplorate la valle lussureggiante e visitate le cascate di Setti Fatma, una popolare destinazione escursionistica. Proseguimento per Marrakech per il pernottamento.<\/p>\n<h4>15\u00b0 giorno: escursione di un giorno alle cascate di Ouzoud e ritorno a Marrakech<\/h4>\n<p>L&#8217;ultimo giorno di permanenza a Marrakech \u00e8 dedicato alla visita delle famose cascate di Ouzoud, una delle pi\u00f9 alte del Nord Africa. Le cascate si gettano in una profonda gola e sono circondate da rigogliosi uliveti. Dopo una giornata rinfrescante a Ouzoud, tornate a Marrakech per l&#8217;ultima serata in questa citt\u00e0 magica.<\/p>\n<p>Questo viaggio di 15 giorni mostra il meglio del Marocco, dalle vivaci citt\u00e0 e dai sereni deserti alle maestose montagne e alle rilassanti citt\u00e0 costiere. Avrete un assaggio di tutto ci\u00f2 che rende questo Paese cos\u00ec affascinante: storia, cultura, natura e avventura.<\/p>\n","protected":false},"excerpt":{"rendered":"<p>Viaggio di 15 giorni attraverso il Marocco: Da Marrakech al deserto, alle montagne e alla costa Giorno 1: Arrivo a Marrakech La vostra avventura inizia nella<span class=\"excerpt-hellip\"> [\u2026]<\/span><\/p>\n","protected":false},"author":1,"featured_media":0,"parent":0,"menu_order":0,"comment_status":"closed","ping_status":"closed","template":"","meta":{"ngg_post_thumbnail":0},"_links":{"self":[{"href":"https:\/\/deafmoroccotours.com\/it\/wp-json\/wp\/v2\/pages\/381"}],"collection":[{"href":"https:\/\/deafmoroccotours.com\/it\/wp-json\/wp\/v2\/pages"}],"about":[{"href":"https:\/\/deafmoroccotours.com\/it\/wp-json\/wp\/v2\/types\/page"}],"author":[{"embeddable":true,"href":"https:\/\/deafmoroccotours.com\/it\/wp-json\/wp\/v2\/users\/1"}],"replies":[{"embeddable":true,"href":"https:\/\/deafmoroccotours.com\/it\/wp-json\/wp\/v2\/comments?post=381"}],"version-history":[{"count":1,"href":"https:\/\/deafmoroccotours.com\/it\/wp-json\/wp\/v2\/pages\/381\/revisions"}],"predecessor-version":[{"id":382,"href":"https:\/\/deafmoroccotours.com\/it\/wp-json\/wp\/v2\/pages\/381\/revisions\/382"}],"wp:attachment":[{"href":"https:\/\/deafmoroccotours.com\/it\/wp-json\/wp\/v2\/media?parent=381"}],"curies":[{"name":"wp","href":"https:\/\/api.w.org\/{rel}","templated":true}]}}